{"id":25442,"date":"2023-10-18T15:15:00","date_gmt":"2023-10-18T12:15:00","guid":{"rendered":"https:\/\/www.leipomorosten.fi\/?page_id=25442"},"modified":"2024-11-05T11:45:44","modified_gmt":"2024-11-05T09:45:44","slug":"rekrytering","status":"publish","type":"page","link":"https:\/\/www.leipomorosten.fi\/sv\/rekrytering\/","title":{"rendered":"Rekrytering"},"content":{"rendered":"\n\n\t<section class=\"section\" id=\"section_1676472929\">\n\t\t<div class=\"section-bg fill\" >\n\t\t\t\t\t\t\t\t\t\n\t\t\t\n\n\t\t<\/div>\n\n\t\t\n\n\t\t<div class=\"section-content relative\">\n\t\t\t\n\n<div class=\"row align-center\"  id=\"row-643498510\">\n\n\n\t<div id=\"col-1066101756\" class=\"col medium-10 small-12 large-10\"  >\n\t\t\t\t<div class=\"col-inner text-center\"  >\n\t\t\t\n\t\t\t\n\n\t<div id=\"text-2207781912\" class=\"text\">\n\t\t\n\n<h1>Rekrytering<\/h1>\n\n\t\t\n<style>\n#text-2207781912 {\n  font-size: 1.75rem;\n  line-height: 1;\n}\n<\/style>\n\t<\/div>\n\t\n\n\t\t<\/div>\n\t\t\t\t\t<\/div>\n\n\t\n\n<\/div>\n<div class=\"row align-center\"  id=\"row-939068094\">\n\n\n\t<div id=\"col-1567089275\" class=\"col medium-10 small-12 large-8\"  >\n\t\t\t\t<div class=\"col-inner text-center\"  >\n\t\t\t\n\t\t\t\n\n<h2>S\u00f6k jobb hos Rosten<\/h2>\n<p>Bageri Leipomo Rosten Oy har bakat i \u00c5bo med fokus p\u00e5 smaken och glimten i \u00f6gat sedan 1939. Vi skapar inte bara magfyllning, utan l\u00e4ckra smaker och nya s\u00e4tt att \u00e4ta.<\/p>\n<p>Fr\u00e5n v\u00e5ra h\u00e4nder skickas bland annat de innovativa fr\u00f6kn\u00e4ckebr\u00f6den Siemenrapeat, som \u00e4r popul\u00e4rast i Finland, vinnaren av Suomalainen menestysresepti (Det finl\u00e4ndska framg\u00e5ngsreceptet) 2020 Rostis, de klassiska r\u00e5gbitarna Ruisrokit och Jurmo-sk\u00e4rg\u00e5rdsbr\u00f6den ut till butikerna.<\/p>\n<p>F\u00f6retaget, som \u00e4gs av familjen Meltovaara, v\u00e4rnar om sina l\u00e5nga traditioner i tillverkningen av f\u00e4rska och l\u00e4ckra br\u00f6d och bakverk.<\/p>\n<p>Vi s\u00f6ker st\u00e4ndigt kompetenta bageriarbetare till Rosten i \u00c5bo. P\u00e5 dessa sidor hittar du v\u00e5ra lediga jobb. Om du vill kan du ocks\u00e5 skicka en \u00f6ppen ans\u00f6kan till oss via formul\u00e4ret \u201d\u00d6ppen arbetsans\u00f6kan\u201d nedan.<\/p>\n<p>Bageri Leipomo Rosten Oy \u00e4r en del av Leipomo Rosten-koncernen som omfattar\u00a0<a href=\"https:\/\/pekanleipa.fi\/\">Pekan Leip\u00e4 Oy<\/a>:s tv\u00e5 bagerier i Heinola och\u00a0<a href=\"https:\/\/porinleipa.fi\/\">Porin Leip\u00e4 Oy<\/a> i Bj\u00f6rneborg.\u00a0 Bagerikoncernen oms\u00e4tter omkring 50 miljoner och syssels\u00e4tter \u00f6ver 300 yrkespersoner inom branschen. Vi \u00e4r Finlands tredje st\u00f6rsta bageri.<\/p>\n<p>Om du vill s\u00f6ka jobb hos de andra bagerierna i koncernen, kan du kontakta \u00f6nskat bageri direkt.<\/p>\n\n\t\t<\/div>\n\t\t\t\t\t<\/div>\n\n\t\n\n<\/div>\n\n\t\t<\/div>\n\n\t\t\n<style>\n#section_1676472929 {\n  padding-top: 30px;\n  padding-bottom: 30px;\n}\n<\/style>\n\t<\/section>\n\t\n<span class=\"scroll-to\" data-label=\"Scroll to: #avoimet-paikat\" data-bullet=\"false\" data-link=\"#avoimet-paikat\" data-title=\"Avoimet paikat\"><a name=\"avoimet-paikat\"><\/a><\/span>\n\n\n<span class=\"scroll-to\" data-label=\"Scroll to: #avoin-tyohakemus\" data-bullet=\"false\" data-link=\"#avoin-tyohakemus\" data-title=\"Avoin tyohakemus\"><a name=\"avoin-tyohakemus\"><\/a><\/span>\n\n\n\t<section class=\"section\" id=\"section_406258025\">\n\t\t<div class=\"section-bg fill\" >\n\t\t\t\t\t\t\t\t\t\n\t\t\t\n\n\t\t<\/div>\n\n\t\t\n\n\t\t<div class=\"section-content relative\">\n\t\t\t\n\n<div class=\"row align-center\"  id=\"row-420763048\">\n\n\n\t<div id=\"col-1000032723\" class=\"col medium-10 small-12 large-8\"  >\n\t\t\t\t<div class=\"col-inner text-center\"  >\n\t\t\t\n\t\t\t\n\n\t<div id=\"text-1406959149\" class=\"text\">\n\t\t\n\n<h2>\u00d6ppen arbetsans\u00f6kan<\/h2>\n\n\t\t\n<style>\n#text-1406959149 {\n  font-size: 1.4rem;\n  line-height: 1;\n}\n<\/style>\n\t<\/div>\n\t\n\n\t\t<\/div>\n\t\t\t\t\t<\/div>\n\n\t\n\n<\/div>\n<div class=\"row align-center\"  id=\"row-328935302\">\n\n\n\t<div id=\"col-1168743321\" class=\"col medium-10 small-12 large-8\"  >\n\t\t\t\t<div class=\"col-inner\"  >\n\t\t\t\n\t\t\t\n\n\n\n<div class='fluentform ff-default fluentform_wrapper_16 ffs_default_wrap'><form data-form_id=\"16\" id=\"fluentform_16\" class=\"frm-fluent-form fluent_form_16 ff-el-form-top ff_form_instance_16_1 ff-form-loading ff_has_v3_recptcha ffs_default\" data-form_instance=\"ff_form_instance_16_1\" method=\"POST\" data-recptcha_key=\"6Lct94wpAAAAAP4yNPlTwKU7ke3daT93rLtVP_Qd\" ><fieldset  style=\"border: none!important;margin: 0!important;padding: 0!important;background-color: transparent!important;box-shadow: none!important;outline: none!important; min-inline-size: 100%;\">\n                    <legend class=\"ff_screen_reader_title\" style=\"display: block; margin: 0!important;padding: 0!important;height: 0!important;text-indent: -999999px;width: 0!important;overflow:hidden;\">Rekry: Avoin hakemus - SV<\/legend><input type='hidden' name='__fluent_form_embded_post_id' value='25442' \/><input type=\"hidden\" id=\"_fluentform_16_fluentformnonce\" name=\"_fluentform_16_fluentformnonce\" value=\"d775c53d0f\" \/><input type=\"hidden\" name=\"_wp_http_referer\" value=\"\/sv\/wp-json\/wp\/v2\/pages\/25442\" \/><div class='ff-el-group  ff-custom_html' tabindex='-1' data-name=\"custom_html-16_1\" ><p>Om du inte hittar ett passande ledigt jobb f\u00e5r du g\u00e4rna l\u00e4mna en \u00f6ppen ans\u00f6kan. Vi kontaktar dig om ett jobb som motsvarar din kompetens blir ledigt. Fyll i formul\u00e4ret nedan f\u00f6r att l\u00e4mna en \u00f6ppen ans\u00f6kan.<\/p><\/div><div data-type=\"name-element\" data-name=\"names\" class=\" ff-field_container ff-name-field-wrapper\" ><div class='ff-t-container'><div class='ff-t-cell '><div class='ff-el-group  ff-el-form-hide_label'><div class=\"ff-el-input--label ff-el-is-required asterisk-right\"><label for='ff_16_names_first_name_' id='label_ff_16_names_first_name_' >F\u00f6rnamn<\/label><\/div><div class='ff-el-input--content'><input type=\"text\" name=\"names[first_name]\" id=\"ff_16_names_first_name_\" class=\"ff-el-form-control\" placeholder=\"F\u00f6rnamn *\" aria-invalid=\"false\" aria-required=true><\/div><\/div><\/div><div class='ff-t-cell '><div class='ff-el-group  ff-el-form-hide_label'><div class=\"ff-el-input--label ff-el-is-required asterisk-right\"><label for='ff_16_names_last_name_' id='label_ff_16_names_last_name_' >Efternamn<\/label><\/div><div class='ff-el-input--content'><input type=\"text\" name=\"names[last_name]\" id=\"ff_16_names_last_name_\" class=\"ff-el-form-control\" placeholder=\"Efternamn *\" aria-invalid=\"false\" aria-required=true><\/div><\/div><\/div><\/div><\/div><div data-name=\"ff_cn_id_1\"  class='ff-t-container ff-column-container ff_columns_total_2 '><div class='ff-t-cell ff-t-column-1' style='flex-basis: 61.77%;'><div class='ff-el-group ff-el-form-hide_label'><div class=\"ff-el-input--label ff-el-is-required asterisk-right\"><label for='ff_16_email' id='label_ff_16_email' aria-label=\"E-post\">E-post<\/label><\/div><div class='ff-el-input--content'><input type=\"email\" name=\"email\" id=\"ff_16_email\" class=\"ff-el-form-control\" placeholder=\"E-post *\" data-name=\"email\"  aria-invalid=\"false\" aria-required=true><\/div><\/div><\/div><div class='ff-t-cell ff-t-column-2' style='flex-basis: 38.23%;'><div class='ff-el-group ff-el-form-hide_label'><div class=\"ff-el-input--label ff-el-is-required asterisk-right\"><label for='ff_16_phone' id='label_ff_16_phone' aria-label=\"Telefon\">Telefon<\/label><\/div><div class='ff-el-input--content'><input name=\"phone\" class=\"ff-el-form-control ff-el-phone ff_el_with_extended_validation\" type=\"tel\" placeholder=\"Telefon *\" data-name=\"phone\" id=\"ff_16_phone\" inputmode=\"tel\"  aria-invalid='false' aria-required=true><\/div><\/div><\/div><\/div><div data-name=\"ff_cn_id_2\"  class='ff-t-container ff-column-container ff_columns_total_2 '><div class='ff-t-cell ff-t-column-1' style='flex-basis: 50%;'><div class='ff-el-group ff-el-form-top'><div class=\"ff-el-input--label asterisk-right\"><label for='ff_16_file-upload_1' id='label_ff_16_file-upload_1' aria-label=\"Ladda upp CV (till\u00e5tna filformat PDF, DOC, PPT. Maximal storlek p\u00e5 bilagan 3 MB.)\">Ladda upp CV (till\u00e5tna filformat PDF, DOC, PPT. Maximal storlek p\u00e5 bilagan 3 MB.)<\/label><\/div><div class='ff-el-input--content'><label for='ff_16_file-upload_1' class='ff_file_upload_holder'><span class='ff_upload_btn ff-btn' tabindex='0'>V\u00e4lj fil<\/span> <input type=\"file\" name=\"file-upload\" id=\"ff_16_file-upload_1\" class=\"ff-el-form-control  ff-screen-reader-element\" data-name=\"file-upload\" multiple=\"1\"  aria-invalid='false' aria-required=false><\/label><\/div><\/div><\/div><div class='ff-t-cell ff-t-column-2' style='flex-basis: 50%;'><div class='ff-el-group ff-el-form-top'><div class=\"ff-el-input--label asterisk-right\"><label for='ff_16_file-upload_1_1' id='label_ff_16_file-upload_1_1' aria-label=\"\u00d6vriga bilagor (till\u00e5tna filformat JPG, JPEG, PNG, DOC, PPT, PDF. Maximal storlek p\u00e5 bilagan 10 MB.)\">\u00d6vriga bilagor (till\u00e5tna filformat JPG, JPEG, PNG, DOC, PPT, PDF. Maximal storlek p\u00e5 bilagan 10 MB.)<\/label><\/div><div class='ff-el-input--content'><label for='ff_16_file-upload_1_1' class='ff_file_upload_holder'><span class='ff_upload_btn ff-btn' tabindex='0'>V\u00e4lj fil<\/span> <input type=\"file\" name=\"file-upload_1\" id=\"ff_16_file-upload_1_1\" class=\"ff-el-form-control  ff-screen-reader-element\" data-name=\"file-upload_1\" multiple=\"1\"  aria-invalid='false' aria-required=false><\/label><\/div><\/div><\/div><\/div><div class='ff-el-group ff-el-form-hide_label'><div class=\"ff-el-input--label asterisk-right\"><label for='ff_16_description' id='label_ff_16_description' aria-label=\"Meddelande\">Meddelande<\/label><\/div><div class='ff-el-input--content'><textarea aria-required=\"false\" aria-labelledby=\"label_ff_16_description\" name=\"description\" id=\"ff_16_description\" class=\"ff-el-form-control\" placeholder=\"Meddelande\" rows=\"3\" cols=\"2\" data-name=\"description\" ><\/textarea><\/div><\/div><div class='ff-el-group    ff-el-input--content'><div class='ff-el-form-check ff-el-tc'><label aria-label='Terms and Conditions: Jag godk\u00e4nner integritetsvillkoren.Detta formul\u00e4r skyddas av Google ReCaptcha integritetspolicy | anv\u00e4ndarvillkor Contains 3 links. Use tab navigation to review.' class='ff-el-form-check-label ff_tc_label' for=gdpr-agreement_e4bf19ed9c0de60918bf315ecf9ceb99><span class='ff_tc_checkbox'><input type=\"checkbox\" name=\"gdpr-agreement\" class=\"ff-el-form-check-input ff_gdpr_field\" data-name=\"gdpr-agreement\" id=\"gdpr-agreement_e4bf19ed9c0de60918bf315ecf9ceb99\"  value='on' aria-invalid='false' aria-required=true><\/span> <div class='ff_t_c'><p>Jag godk\u00e4nner <a href=\"https:\/\/www.leipomorosten.fi\/tietosuojaseloste\/\">integritetsvillkoren<\/a>.<\/p><p>Detta formul\u00e4r skyddas av Google ReCaptcha <a href=\"https:\/\/policies.google.com\/privacy?hl=fi\">integritetspolicy<\/a> | <a href=\"https:\/\/policies.google.com\/terms?hl=fi\">anv\u00e4ndarvillkor<\/a><\/p><\/div><\/label><\/div><\/div><div class='ff-el-group ff-text-left ff_submit_btn_wrapper'><button type=\"submit\" class=\"ff-btn ff-btn-submit ff-btn-md button secondary is-outline ff_btn_no_style\"  aria-label=\"S\u00e4nd\">S\u00e4nd<\/button><\/div><\/fieldset><\/form><div id='fluentform_16_errors' class='ff-errors-in-stack ff_form_instance_16_1 ff-form-loading_errors ff_form_instance_16_1_errors'><\/div><\/div>            <script type=\"text\/javascript\">\n                window.fluent_form_ff_form_instance_16_1 = {\"id\":\"16\",\"settings\":{\"layout\":{\"labelPlacement\":\"top\",\"helpMessagePlacement\":\"with_label\",\"errorMessagePlacement\":\"inline\"},\"restrictions\":{\"denyEmptySubmission\":{\"enabled\":false}}},\"form_instance\":\"ff_form_instance_16_1\",\"form_id_selector\":\"fluentform_16\",\"rules\":{\"names[first_name]\":{\"required\":{\"value\":true,\"message\":\"Detta f\\u00e4lt \\u00e4r obligatoriskt\",\"global\":false,\"global_message\":\"T\\u00e4m\\u00e4 kentt\\u00e4 on pakollinen\"}},\"names[middle_name]\":{\"required\":{\"value\":false,\"message\":\"T\\u00e4m\\u00e4 kentt\\u00e4 on pakollinen\",\"global\":false,\"global_message\":\"T\\u00e4m\\u00e4 kentt\\u00e4 on pakollinen\"}},\"names[last_name]\":{\"required\":{\"value\":true,\"message\":\"Detta f\\u00e4lt \\u00e4r obligatoriskt\",\"global\":false,\"global_message\":\"T\\u00e4m\\u00e4 kentt\\u00e4 on pakollinen\"}},\"email\":{\"required\":{\"value\":true,\"message\":\"Detta f\\u00e4lt \\u00e4r obligatoriskt\",\"global\":false,\"global_message\":\"T\\u00e4m\\u00e4 kentt\\u00e4 on pakollinen\"},\"email\":{\"value\":true,\"message\":\"Kontrollera formatet p\\u00e5 din e-post\",\"global\":false,\"global_message\":\"Tarkista s\\u00e4hk\\u00f6postin muoto\"}},\"phone\":{\"required\":{\"value\":true,\"message\":\"Detta f\\u00e4lt \\u00e4r obligatoriskt\",\"global\":false,\"global_message\":\"T\\u00e4m\\u00e4 kentt\\u00e4 on pakollinen\"},\"valid_phone_number\":{\"value\":true,\"message\":\"Kontrollera formatet p\\u00e5 telefonnumret\",\"global\":false,\"global_message\":\"Phone number is not valid\"}},\"file-upload\":{\"required\":{\"value\":false,\"message\":\"T\\u00e4m\\u00e4 kentt\\u00e4 on pakollinen\",\"global\":false,\"global_message\":\"T\\u00e4m\\u00e4 kentt\\u00e4 on pakollinen\"},\"max_file_size\":{\"value\":3145728,\"_valueFrom\":\"MB\",\"message\":\"Validation fails for maximum file size\",\"global\":true,\"global_message\":\"Validation fails for maximum file size\"},\"max_file_count\":{\"value\":1,\"message\":\"Validation fails for maximum file count\",\"global\":true,\"global_message\":\"Validation fails for maximum file count\"},\"allowed_file_types\":{\"value\":[\"pdf\",\"doc|ppt|pps|xls|mdb|docx|xlsx|pptx|odt|odp|ods|odg|odc|odb|odf|rtf|txt\"],\"message\":\"Filtypen \\u00e4r inte giltig\",\"global\":false,\"global_message\":\"Tiedostotyyppi ei kelpaa\"}},\"file-upload_1\":{\"required\":{\"value\":false,\"message\":\"T\\u00e4m\\u00e4 kentt\\u00e4 on pakollinen\",\"global\":false,\"global_message\":\"T\\u00e4m\\u00e4 kentt\\u00e4 on pakollinen\"},\"max_file_size\":{\"value\":10485760,\"_valueFrom\":\"MB\",\"message\":\"Validation fails for maximum file size\",\"global\":true,\"global_message\":\"Validation fails for maximum file size\"},\"max_file_count\":{\"value\":\"3\",\"message\":\"Validation fails for maximum file count\",\"global\":true,\"global_message\":\"Validation fails for maximum file count\"},\"allowed_file_types\":{\"value\":[\"pdf\",\"doc|ppt|pps|xls|mdb|docx|xlsx|pptx|odt|odp|ods|odg|odc|odb|odf|rtf|txt\",\"jpg|jpeg|gif|png|bmp\"],\"message\":\"Tiedostotyyppi ei kelpaa\",\"global\":false,\"global_message\":\"Tiedostotyyppi ei kelpaa\"}},\"description\":{\"required\":{\"value\":false,\"message\":\"T\\u00e4m\\u00e4 kentt\\u00e4 on pakollinen\",\"global\":false,\"global_message\":\"T\\u00e4m\\u00e4 kentt\\u00e4 on pakollinen\"}},\"gdpr-agreement\":{\"required\":{\"value\":true,\"message\":\"T\\u00e4m\\u00e4 kentt\\u00e4 on pakollinen\",\"global\":false,\"global_message\":\"T\\u00e4m\\u00e4 kentt\\u00e4 on pakollinen\"}}},\"debounce_time\":300};\n                            <\/script>\n            \n\n\n\t\t<\/div>\n\t\t\t\t\t<\/div>\n\n\t\n\n<\/div>\n\n\t\t<\/div>\n\n\t\t\n<style>\n#section_406258025 {\n  padding-top: 30px;\n  padding-bottom: 30px;\n}\n<\/style>\n\t<\/section>\n\t\n\n","protected":false},"excerpt":{"rendered":"","protected":false},"author":2,"featured_media":0,"parent":0,"menu_order":0,"comment_status":"closed","ping_status":"closed","template":"page-blank.php","meta":{"footnotes":""},"class_list":["post-25442","page","type-page","status-publish","hentry"],"_links":{"self":[{"href":"https:\/\/www.leipomorosten.fi\/sv\/wp-json\/wp\/v2\/pages\/25442","targetHints":{"allow":["GET"]}}],"collection":[{"href":"https:\/\/www.leipomorosten.fi\/sv\/wp-json\/wp\/v2\/pages"}],"about":[{"href":"https:\/\/www.leipomorosten.fi\/sv\/wp-json\/wp\/v2\/types\/page"}],"author":[{"embeddable":true,"href":"https:\/\/www.leipomorosten.fi\/sv\/wp-json\/wp\/v2\/users\/2"}],"replies":[{"embeddable":true,"href":"https:\/\/www.leipomorosten.fi\/sv\/wp-json\/wp\/v2\/comments?post=25442"}],"version-history":[{"count":2,"href":"https:\/\/www.leipomorosten.fi\/sv\/wp-json\/wp\/v2\/pages\/25442\/revisions"}],"predecessor-version":[{"id":25446,"href":"https:\/\/www.leipomorosten.fi\/sv\/wp-json\/wp\/v2\/pages\/25442\/revisions\/25446"}],"wp:attachment":[{"href":"https:\/\/www.leipomorosten.fi\/sv\/wp-json\/wp\/v2\/media?parent=25442"}],"curies":[{"name":"wp","href":"https:\/\/api.w.org\/{rel}","templated":true}]}}