{"id":25821,"date":"2024-03-05T13:38:21","date_gmt":"2024-03-05T11:38:21","guid":{"rendered":"https:\/\/www.leipomorosten.fi\/?page_id=25821"},"modified":"2025-04-14T08:33:36","modified_gmt":"2025-04-14T05:33:36","slug":"sekretesspolicy","status":"publish","type":"page","link":"https:\/\/www.leipomorosten.fi\/sv\/sekretesspolicy\/","title":{"rendered":"Sekretesspolicy"},"content":{"rendered":"\n<p>INTEGRITETSPOLICY F\u00d6R ANV\u00c4NDARREGISTRET SOM INNEH\u00c5LLER PERSONUPPGIFTER F\u00d6R LEIPOMO ROSTEN OY<\/p>\n\n\n\n<p>Uppdaterad: 28.12.2018<\/p>\n\n\n\n<p>1) <strong>Registeransvarig<\/strong><\/p>\n\n\n\n<ol class=\"wp-block-list\">\n<li><\/li>\n<\/ol>\n\n\n\n<p>Leipomo Rosten Oy Voimakatu 3 20520 \u00c5bo<\/p>\n\n\n\n<p>2) <strong>Handl\u00e4ggare av register\u00e4renden<\/strong><\/p>\n\n\n\n<p>Jan Lindstr\u00f6m<\/p>\n\n\n\n<p>JAN ROSTEN<\/p>\n\n\n\n<p>Tfn. 020 770 2350<\/p>\n\n\n\n<p>Leipomo Rosten Oy<\/p>\n\n\n\n<p>Voimakatu 3<\/p>\n\n\n\n<p>20520 \u00c5bo, Finland<\/p>\n\n\n\n<p>3<strong>) Registrets namn<\/strong><\/p>\n\n\n\n<p>Leipomo Rosten Oy:s anv\u00e4ndarregister<\/p>\n\n\n\n<p><strong>4) Behandling av personuppgifter<\/strong><\/p>\n\n\n\n<p>Personuppgifter behandlas genom att samla in allm\u00e4n statistisk information om bes\u00f6kare p\u00e5 Leipomo Rosten Oy:s webbplats i syfte att utveckla tj\u00e4nsten, hantera kundrelationer och tillhandah\u00e5lla ytterligare information.<\/p>\n\n\n\n<p>5) <strong>Bevarandetid f\u00f6r personuppgifter<\/strong><\/p>\n\n\n\n<p>Personuppgifterna lagras s\u00e5 l\u00e4nge som det \u00e4r n\u00f6dv\u00e4ndigt f\u00f6r att hantera kundrelationen.<\/p>\n\n\n\n<p><strong>6) Registrets datainneh\u00e5ll<\/strong><\/p>\n\n\n\n<p>De personuppgifter som behandlas i registret \u00e4r namn, adress, e-postadress och telefonnummer till de anv\u00e4ndare som har fyllt i kontakt- eller feedbackformul\u00e4ret p\u00e5 Leipomo Rosten Oy:s webbplats.<\/p>\n\n\n\n<p>Den tekniska information som samlas in i registret omfattar antalet bes\u00f6kare p\u00e5 webbplatsen, de mest popul\u00e4ra sidorna, tid p\u00e5 dygnet, den sida fr\u00e5n vilken bes\u00f6karen kom till tj\u00e4nsten, de mest anv\u00e4nda s\u00f6ktermerna och webbl\u00e4sarna samt det land d\u00e4r anv\u00e4ndaren av tj\u00e4nsten befinner sig.<\/p>\n\n\n\n<p>7) <strong>Regelm\u00e4ssiga informationsk\u00e4llor<\/strong><\/p>\n\n\n\n<p>Personuppgifter samlas in genom anv\u00e4ndning av den personuppgiftsansvariges webbplats.<\/p>\n\n\n\n<p>Cookies (kakor)<\/p>\n\n\n\n<p>V\u00e5r webbplats anv\u00e4nder cookies. En cookie \u00e4r en liten textfil som en webbplats lagrar p\u00e5 anv\u00e4ndarens dator n\u00e4r webbplatsen bes\u00f6ks. Syftet med alla cookies som anv\u00e4nds p\u00e5 webbplatsen \u00e4r att f\u00f6rb\u00e4ttra webbplatsens anv\u00e4ndbarhet. Cookies kan inaktiveras i din webbl\u00e4sares inst\u00e4llningar, men om du inaktiverar dem kan det h\u00e4nda att vissa funktioner p\u00e5 webbplatsen inte \u00e4r tillg\u00e4ngliga.<\/p>\n\n\n\n<p>Tj\u00e4nster fr\u00e5n tredje part<\/p>\n\n\n\n<p>Vi anv\u00e4nder sp\u00e5rningskoder fr\u00e5n tredje part f\u00f6r bes\u00f6ksstatistik: Google Analytics och Sanoma Marketing sp\u00e5rningskoder.<\/p>\n\n\n\n<p>F\u00f6r mer information om dessa:<\/p>\n\n\n\n<p>Google Analytics:<\/p>\n\n\n\n<p>http:\/\/www.google.com\/intl\/en\/policies\/privacy\/<\/p>\n\n\n\n<p>Sanoma:<\/p>\n\n\n\n<p>http:\/\/sanoma.com\/fi\/tietosuoja\/tietosuojalauseke<\/p>\n\n\n\n<p>Leipomo Rosten Oy:s webbplats inneh\u00e5ller dessutom l\u00e4nkar till webbplatser som \u00e4gs eller drivs av tredje part. Genom att g\u00e5 in p\u00e5 de l\u00e4nkade sidorna accepterar anv\u00e4ndaren att dessa sidor inte kontrolleras av Leipomo Rosten Oy och att Leipomo Rosten Oy inte \u00e4r ansvarigt f\u00f6r n\u00e5got material som finns p\u00e5 tredje parts sidor.<\/p>\n\n\n\n<p><strong>8) Regelbundet utl\u00e4mnande av uppgifter<\/strong><\/p>\n\n\n\n<p>Anv\u00e4ndarnas personuppgifter kan komma att l\u00e4mnas ut f\u00f6r legitima \u00e4ndam\u00e5l i enlighet med till\u00e4mplig personuppgiftslagstiftning, f\u00f6rutsatt att anv\u00e4ndarens samtycke inh\u00e4mtas.<\/p>\n\n\n\n<p>Information som tillhandah\u00e5lls via Webbplatsen kan komma att l\u00e4mnas ut till f\u00f6ljande kategorier av parter:<\/p>\n\n\n\n<p>&#8211; tj\u00e4nsteleverant\u00f6rer som \u00e4r involverade i tillhandah\u00e5llandet av v\u00e5r webbplats och v\u00e5ra tj\u00e4nster<\/p>\n\n\n\n<p>&#8211; partners f\u00f6r marknadsf\u00f6rings\u00e4ndam\u00e5l, s\u00e5vida inte partnern har f\u00f6rbjudit detta till myndigheterna i fall som kr\u00e4vs enligt lag.<\/p>\n\n\n\n<p>F\u00f6r direktmarknadsf\u00f6ring och kommunikation anv\u00e4nder vi den inhemska Spotmore-tj\u00e4nsten, till vilken anv\u00e4ndarens f\u00f6rnamn, efternamn och e-postadress \u00f6verf\u00f6rs, liksom information om anv\u00e4ndargrupper som \u00e4r n\u00f6dv\u00e4ndiga f\u00f6r att rikta e-postmeddelandet.<\/p>\n\n\n\n<p><strong>9) \u00d6verf\u00f6ring av uppgifter utanf\u00f6r EU eller EES<\/strong><\/p>\n\n\n\n<p>Personuppgifter \u00f6verf\u00f6rs inte till l\u00e4nder utanf\u00f6r Europeiska unionen eller Europeiska ekonomiska samarbetsomr\u00e5det.<\/p>\n\n\n\n<p><strong>10) Principer f\u00f6r skydd av registret<\/strong><\/p>\n\n\n\n<p>Uppgifterna kommer att lagras och underh\u00e5llas i en n\u00e4tverksmilj\u00f6. Endast den personuppgiftsansvarige och s\u00e4rskilt utsedda personer har tillg\u00e5ng till de registeruppgifter som lagras i databasen p\u00e5 v\u00e5r webbplats. Endast de utsedda personerna har r\u00e4tt att behandla och underh\u00e5lla uppgifterna i registret.<\/p>\n\n\n\n<p><strong>11) Den registrerades r\u00e4ttigheter<\/strong><\/p>\n\n\n\n<p>Anv\u00e4ndare har r\u00e4tt att beg\u00e4ra tillg\u00e5ng till personuppgifter som r\u00f6r dem och r\u00e4tt att beg\u00e4ra r\u00e4ttelse eller radering av s\u00e5dana uppgifter eller begr\u00e4nsning av eller inv\u00e4ndning mot behandling, samt r\u00e4tt till dataportabilitet.<\/p>\n\n\n\n<p>I den m\u00e5n behandlingen av personuppgifter grundar sig p\u00e5 samtycke har anv\u00e4ndaren r\u00e4tt att n\u00e4r som helst \u00e5terkalla sitt samtycke, utan att det p\u00e5verkar lagligheten av den behandling som utf\u00f6rdes p\u00e5 grundval av samtycket innan det \u00e5terkallades.<\/p>\n\n\n\n<p>Ovan n\u00e4mnda f\u00f6rfr\u00e5gningar och meddelanden ska skickas till den kontaktperson som anges i punkt tv\u00e5 ovan.<\/p>\n\n\n\n<p>Anv\u00e4ndaren har r\u00e4tt att l\u00e4mna in ett klagom\u00e5l om behandlingen av personuppgifter till tillsynsmyndigheten.<\/p>\n\n\n\n<p><strong>12) \u00c4ndringar av integritetspolicyn<\/strong><\/p>\n\n\n\n<p>Vi f\u00f6rbeh\u00e5ller oss r\u00e4tten att \u00e4ndra denna integritetspolicy. Inneh\u00e5llet i denna integritetspolicy b\u00f6r granskas regelbundet.<\/p>\n","protected":false},"excerpt":{"rendered":"<p>INTEGRITETSPOLICY F\u00d6R ANV\u00c4NDARREGISTRET SOM INNEH\u00c5LLER PERSONUPPGIFTER F\u00d6R LEIPOMO ROSTEN OY Uppdaterad: 28.12.2018 1) Registeransvarig Leipomo Rosten Oy Voimakatu 3 20520 \u00c5bo 2) Handl\u00e4ggare av register\u00e4renden Jan Lindstr\u00f6m JAN ROSTEN Tfn. 020 770 2350 Leipomo Rosten Oy Voimakatu 3 20520 \u00c5bo, Finland 3) Registrets namn Leipomo Rosten Oy:s anv\u00e4ndarregister 4) Behandling av personuppgifter Personuppgifter behandlas genom&#8230;<\/p>\n","protected":false},"author":2,"featured_media":0,"parent":0,"menu_order":0,"comment_status":"closed","ping_status":"closed","template":"","meta":{"footnotes":""},"class_list":["post-25821","page","type-page","status-publish","hentry"],"_links":{"self":[{"href":"https:\/\/www.leipomorosten.fi\/sv\/wp-json\/wp\/v2\/pages\/25821","targetHints":{"allow":["GET"]}}],"collection":[{"href":"https:\/\/www.leipomorosten.fi\/sv\/wp-json\/wp\/v2\/pages"}],"about":[{"href":"https:\/\/www.leipomorosten.fi\/sv\/wp-json\/wp\/v2\/types\/page"}],"author":[{"embeddable":true,"href":"https:\/\/www.leipomorosten.fi\/sv\/wp-json\/wp\/v2\/users\/2"}],"replies":[{"embeddable":true,"href":"https:\/\/www.leipomorosten.fi\/sv\/wp-json\/wp\/v2\/comments?post=25821"}],"version-history":[{"count":2,"href":"https:\/\/www.leipomorosten.fi\/sv\/wp-json\/wp\/v2\/pages\/25821\/revisions"}],"predecessor-version":[{"id":25967,"href":"https:\/\/www.leipomorosten.fi\/sv\/wp-json\/wp\/v2\/pages\/25821\/revisions\/25967"}],"wp:attachment":[{"href":"https:\/\/www.leipomorosten.fi\/sv\/wp-json\/wp\/v2\/media?parent=25821"}],"curies":[{"name":"wp","href":"https:\/\/api.w.org\/{rel}","templated":true}]}}