{"id":19637,"date":"2024-03-01T06:46:01","date_gmt":"2024-03-01T04:46:01","guid":{"rendered":"https:\/\/www.leipomorosten.fi\/tuotteet\/rosten-siemenrapeat-spannmalsfri-frobrod-sesam-linfro-170-g\/"},"modified":"2026-04-26T07:30:53","modified_gmt":"2026-04-26T04:30:53","slug":"rosten-siemenrapeat-spannmalsfri-frobrod-sesam-linfro-170-g","status":"publish","type":"product","link":"https:\/\/www.leipomorosten.fi\/sv\/tuote\/rosten-siemenrapeat-spannmalsfri-frobrod-sesam-linfro-170-g\/","title":{"rendered":"Rosten Siemenrapeat Spannm\u00e5lsfri fr\u00f6br\u00f6d  Sesam &amp; linfr\u00f6 170 g"},"content":{"rendered":"","protected":false},"excerpt":{"rendered":"<p>Spannm\u00e5lsfritt fr\u00f6kn\u00e4ckebr\u00f6d med sesam och linfr\u00f6. Produkten inneh\u00e5ller 83% fr\u00f6n. Proteinrik med l\u00e5gt kolhydratinneh\u00e5ll och h\u00f6gt fiberinneh\u00e5ll. Laktosfritt och glutenfritt. Perfekt f\u00f6r spannm\u00e5lsfria och veganska dieter, som en del av recept, i st\u00e4llet f\u00f6r traditionellt br\u00f6d eller som ett mellanm\u00e5l.<\/p>\n","protected":false},"featured_media":26808,"template":"","meta":[],"product_brand":[],"product_cat":[617,641,657],"product_tag":[],"class_list":{"0":"post-19637","1":"product","2":"type-product","3":"status-publish","4":"has-post-thumbnail","6":"product_cat-froknackebrod","7":"product_cat-siemenrapeat-sv","8":"product_cat-spannmalsfritt","10":"first","11":"instock","12":"shipping-taxable","13":"product-type-simple"},"_links":{"self":[{"href":"https:\/\/www.leipomorosten.fi\/sv\/wp-json\/wp\/v2\/product\/19637","targetHints":{"allow":["GET"]}}],"collection":[{"href":"https:\/\/www.leipomorosten.fi\/sv\/wp-json\/wp\/v2\/product"}],"about":[{"href":"https:\/\/www.leipomorosten.fi\/sv\/wp-json\/wp\/v2\/types\/product"}],"wp:featuredmedia":[{"embeddable":true,"href":"https:\/\/www.leipomorosten.fi\/sv\/wp-json\/wp\/v2\/media\/26808"}],"wp:attachment":[{"href":"https:\/\/www.leipomorosten.fi\/sv\/wp-json\/wp\/v2\/media?parent=19637"}],"wp:term":[{"taxonomy":"product_brand","embeddable":true,"href":"https:\/\/www.leipomorosten.fi\/sv\/wp-json\/wp\/v2\/product_brand?post=19637"},{"taxonomy":"product_cat","embeddable":true,"href":"https:\/\/www.leipomorosten.fi\/sv\/wp-json\/wp\/v2\/product_cat?post=19637"},{"taxonomy":"product_tag","embeddable":true,"href":"https:\/\/www.leipomorosten.fi\/sv\/wp-json\/wp\/v2\/product_tag?post=19637"}],"curies":[{"name":"wp","href":"https:\/\/api.w.org\/{rel}","templated":true}]}}