{"id":24393,"date":"2024-01-10T14:08:22","date_gmt":"2024-01-10T12:08:22","guid":{"rendered":"https:\/\/www.leipomorosten.fi\/tuote\/rosten-lilla-vanilj-wienerbrod-bakad-med-smor-3-st-135-g\/"},"modified":"2026-04-26T07:30:35","modified_gmt":"2026-04-26T04:30:35","slug":"rosten-lilla-vanilj-wienerbrod-bakad-med-smor-3-st-135-g","status":"publish","type":"product","link":"https:\/\/www.leipomorosten.fi\/sv\/tuote\/rosten-lilla-vanilj-wienerbrod-bakad-med-smor-3-st-135-g\/","title":{"rendered":"Rosten Lilla Vanilj wienerbr\u00f6d 3 st 135 g"},"content":{"rendered":"","protected":false},"excerpt":{"rendered":"<p>H\u00e4rliga sm\u00e5 wienerbr\u00f6d, bakade med sm\u00f6r.<\/p>\n","protected":false},"featured_media":12085,"template":"","meta":[],"product_brand":[],"product_cat":[579,591],"product_tag":[],"class_list":{"0":"post-24393","1":"product","2":"type-product","3":"status-publish","4":"has-post-thumbnail","6":"product_cat-fikabrod-kex-och-kakor","7":"product_cat-wienerbroden","9":"first","10":"instock","11":"shipping-taxable","12":"product-type-simple"},"_links":{"self":[{"href":"https:\/\/www.leipomorosten.fi\/sv\/wp-json\/wp\/v2\/product\/24393","targetHints":{"allow":["GET"]}}],"collection":[{"href":"https:\/\/www.leipomorosten.fi\/sv\/wp-json\/wp\/v2\/product"}],"about":[{"href":"https:\/\/www.leipomorosten.fi\/sv\/wp-json\/wp\/v2\/types\/product"}],"wp:featuredmedia":[{"embeddable":true,"href":"https:\/\/www.leipomorosten.fi\/sv\/wp-json\/wp\/v2\/media\/12085"}],"wp:attachment":[{"href":"https:\/\/www.leipomorosten.fi\/sv\/wp-json\/wp\/v2\/media?parent=24393"}],"wp:term":[{"taxonomy":"product_brand","embeddable":true,"href":"https:\/\/www.leipomorosten.fi\/sv\/wp-json\/wp\/v2\/product_brand?post=24393"},{"taxonomy":"product_cat","embeddable":true,"href":"https:\/\/www.leipomorosten.fi\/sv\/wp-json\/wp\/v2\/product_cat?post=24393"},{"taxonomy":"product_tag","embeddable":true,"href":"https:\/\/www.leipomorosten.fi\/sv\/wp-json\/wp\/v2\/product_tag?post=24393"}],"curies":[{"name":"wp","href":"https:\/\/api.w.org\/{rel}","templated":true}]}}