{"id":24423,"date":"2024-04-09T07:31:44","date_gmt":"2024-04-09T04:31:44","guid":{"rendered":"https:\/\/www.leipomorosten.fi\/tuote\/rosten-spannmal-fiber-skivorna-400-g\/"},"modified":"2026-04-26T07:30:55","modified_gmt":"2026-04-26T04:30:55","slug":"rosten-spannmal-fiber-skivorna-400-g","status":"publish","type":"product","link":"https:\/\/www.leipomorosten.fi\/sv\/tuote\/rosten-spannmal-fiber-skivorna-400-g\/","title":{"rendered":"Rosten Spannm\u00e5l &amp; Fiber skivorna 400 g"},"content":{"rendered":"","protected":false},"excerpt":{"rendered":"<p>Fiberrikt, f\u00f6rskuret, laktosfritt och veganskt blandkornsbr\u00f6d som smakar gott b\u00e5de till vardags och till fest.<\/p>\n","protected":false},"featured_media":27302,"template":"","meta":[],"product_brand":[],"product_cat":[647,651],"product_tag":[],"class_list":{"0":"post-24423","1":"product","2":"type-product","3":"status-publish","4":"has-post-thumbnail","6":"product_cat-ljust-och-vit-brod","7":"product_cat-semlor","9":"first","10":"instock","11":"shipping-taxable","12":"product-type-simple"},"_links":{"self":[{"href":"https:\/\/www.leipomorosten.fi\/sv\/wp-json\/wp\/v2\/product\/24423","targetHints":{"allow":["GET"]}}],"collection":[{"href":"https:\/\/www.leipomorosten.fi\/sv\/wp-json\/wp\/v2\/product"}],"about":[{"href":"https:\/\/www.leipomorosten.fi\/sv\/wp-json\/wp\/v2\/types\/product"}],"wp:featuredmedia":[{"embeddable":true,"href":"https:\/\/www.leipomorosten.fi\/sv\/wp-json\/wp\/v2\/media\/27302"}],"wp:attachment":[{"href":"https:\/\/www.leipomorosten.fi\/sv\/wp-json\/wp\/v2\/media?parent=24423"}],"wp:term":[{"taxonomy":"product_brand","embeddable":true,"href":"https:\/\/www.leipomorosten.fi\/sv\/wp-json\/wp\/v2\/product_brand?post=24423"},{"taxonomy":"product_cat","embeddable":true,"href":"https:\/\/www.leipomorosten.fi\/sv\/wp-json\/wp\/v2\/product_cat?post=24423"},{"taxonomy":"product_tag","embeddable":true,"href":"https:\/\/www.leipomorosten.fi\/sv\/wp-json\/wp\/v2\/product_tag?post=24423"}],"curies":[{"name":"wp","href":"https:\/\/api.w.org\/{rel}","templated":true}]}}