{"id":24559,"date":"2024-04-21T07:31:46","date_gmt":"2024-04-21T04:31:46","guid":{"rendered":"https:\/\/www.leipomorosten.fi\/tuote\/rosten-tunn-havrebrod-bitar-6-st-250-g\/"},"modified":"2026-04-15T07:30:50","modified_gmt":"2026-04-15T04:30:50","slug":"rosten-tunn-havrebrod-bitar-6-st-250-g","status":"publish","type":"product","link":"https:\/\/www.leipomorosten.fi\/sv\/tuote\/rosten-tunn-havrebrod-bitar-6-st-250-g\/","title":{"rendered":"Rosten Tunn Havrebr\u00f6d bitar 6 st\/250 g"},"content":{"rendered":"","protected":false},"excerpt":{"rendered":"<p>Tunna, fiberhaltig fullkornshavrebitar. L\u00e4ckra som de \u00e4r och ocks\u00e5 goda rostat.<\/p>\n","protected":false},"featured_media":26575,"template":"","meta":[],"product_brand":[],"product_cat":[647,651,609],"product_tag":[],"class_list":{"0":"post-24559","1":"product","2":"type-product","3":"status-publish","4":"has-post-thumbnail","6":"product_cat-ljust-och-vit-brod","7":"product_cat-semlor","8":"product_cat-tunna","10":"first","11":"instock","12":"shipping-taxable","13":"product-type-simple"},"_links":{"self":[{"href":"https:\/\/www.leipomorosten.fi\/sv\/wp-json\/wp\/v2\/product\/24559","targetHints":{"allow":["GET"]}}],"collection":[{"href":"https:\/\/www.leipomorosten.fi\/sv\/wp-json\/wp\/v2\/product"}],"about":[{"href":"https:\/\/www.leipomorosten.fi\/sv\/wp-json\/wp\/v2\/types\/product"}],"wp:featuredmedia":[{"embeddable":true,"href":"https:\/\/www.leipomorosten.fi\/sv\/wp-json\/wp\/v2\/media\/26575"}],"wp:attachment":[{"href":"https:\/\/www.leipomorosten.fi\/sv\/wp-json\/wp\/v2\/media?parent=24559"}],"wp:term":[{"taxonomy":"product_brand","embeddable":true,"href":"https:\/\/www.leipomorosten.fi\/sv\/wp-json\/wp\/v2\/product_brand?post=24559"},{"taxonomy":"product_cat","embeddable":true,"href":"https:\/\/www.leipomorosten.fi\/sv\/wp-json\/wp\/v2\/product_cat?post=24559"},{"taxonomy":"product_tag","embeddable":true,"href":"https:\/\/www.leipomorosten.fi\/sv\/wp-json\/wp\/v2\/product_tag?post=24559"}],"curies":[{"name":"wp","href":"https:\/\/api.w.org\/{rel}","templated":true}]}}