{"id":24616,"date":"2024-01-10T14:08:18","date_gmt":"2024-01-10T12:08:18","guid":{"rendered":"https:\/\/www.leipomorosten.fi\/tuote\/rosten-vegan-runebergstarta-2-st-220g\/"},"modified":"2026-04-26T07:30:35","modified_gmt":"2026-04-26T04:30:35","slug":"rosten-vegan-runebergstarta-2-st-220g","status":"publish","type":"product","link":"https:\/\/www.leipomorosten.fi\/sv\/tuote\/rosten-vegan-runebergstarta-2-st-220g\/","title":{"rendered":"Rosten Vegan Runebergst\u00e5rta 2 st 220g"},"content":{"rendered":"","protected":false},"excerpt":{"rendered":"<p>En l\u00e4cker klassisk bakelse nu \u00e4ven i vegansk variant.<\/p>\n","protected":false},"featured_media":27272,"template":"","meta":[],"product_brand":[],"product_cat":[579,597,593],"product_tag":[],"class_list":{"0":"post-24616","1":"product","2":"type-product","3":"status-publish","4":"has-post-thumbnail","6":"product_cat-fikabrod-kex-och-kakor","7":"product_cat-januari-april","8":"product_cat-sasongsprodukter","10":"first","11":"instock","12":"shipping-taxable","13":"product-type-simple"},"_links":{"self":[{"href":"https:\/\/www.leipomorosten.fi\/sv\/wp-json\/wp\/v2\/product\/24616","targetHints":{"allow":["GET"]}}],"collection":[{"href":"https:\/\/www.leipomorosten.fi\/sv\/wp-json\/wp\/v2\/product"}],"about":[{"href":"https:\/\/www.leipomorosten.fi\/sv\/wp-json\/wp\/v2\/types\/product"}],"wp:featuredmedia":[{"embeddable":true,"href":"https:\/\/www.leipomorosten.fi\/sv\/wp-json\/wp\/v2\/media\/27272"}],"wp:attachment":[{"href":"https:\/\/www.leipomorosten.fi\/sv\/wp-json\/wp\/v2\/media?parent=24616"}],"wp:term":[{"taxonomy":"product_brand","embeddable":true,"href":"https:\/\/www.leipomorosten.fi\/sv\/wp-json\/wp\/v2\/product_brand?post=24616"},{"taxonomy":"product_cat","embeddable":true,"href":"https:\/\/www.leipomorosten.fi\/sv\/wp-json\/wp\/v2\/product_cat?post=24616"},{"taxonomy":"product_tag","embeddable":true,"href":"https:\/\/www.leipomorosten.fi\/sv\/wp-json\/wp\/v2\/product_tag?post=24616"}],"curies":[{"name":"wp","href":"https:\/\/api.w.org\/{rel}","templated":true}]}}