{"id":24661,"date":"2024-01-10T14:08:55","date_gmt":"2024-01-10T12:08:55","guid":{"rendered":"https:\/\/www.leipomorosten.fi\/tuote\/rosten-sjalvstandighetsdagen-tarta-2st-90g-bebe-bakelse\/"},"modified":"2026-04-26T07:30:27","modified_gmt":"2026-04-26T04:30:27","slug":"rosten-sjalvstandighetsdagen-tarta-2st-90g-bebe-bakelse","status":"publish","type":"product","link":"https:\/\/www.leipomorosten.fi\/sv\/tuote\/rosten-sjalvstandighetsdagen-tarta-2st-90g-bebe-bakelse\/","title":{"rendered":"Rosten Sj\u00e4lvst\u00e4ndighetsdagen t\u00e5rta 2st\/ 90g, bebe bakelse"},"content":{"rendered":"","protected":false},"excerpt":{"rendered":"","protected":false},"featured_media":23163,"template":"","meta":[],"product_brand":[],"product_cat":[605,603,593,595],"product_tag":[],"class_list":{"0":"post-24661","1":"product","2":"type-product","3":"status-publish","4":"has-post-thumbnail","6":"product_cat-bakelse","7":"product_cat-konditori","8":"product_cat-sasongsprodukter","9":"product_cat-september-december","11":"first","12":"instock","13":"shipping-taxable","14":"product-type-simple"},"_links":{"self":[{"href":"https:\/\/www.leipomorosten.fi\/sv\/wp-json\/wp\/v2\/product\/24661","targetHints":{"allow":["GET"]}}],"collection":[{"href":"https:\/\/www.leipomorosten.fi\/sv\/wp-json\/wp\/v2\/product"}],"about":[{"href":"https:\/\/www.leipomorosten.fi\/sv\/wp-json\/wp\/v2\/types\/product"}],"wp:featuredmedia":[{"embeddable":true,"href":"https:\/\/www.leipomorosten.fi\/sv\/wp-json\/wp\/v2\/media\/23163"}],"wp:attachment":[{"href":"https:\/\/www.leipomorosten.fi\/sv\/wp-json\/wp\/v2\/media?parent=24661"}],"wp:term":[{"taxonomy":"product_brand","embeddable":true,"href":"https:\/\/www.leipomorosten.fi\/sv\/wp-json\/wp\/v2\/product_brand?post=24661"},{"taxonomy":"product_cat","embeddable":true,"href":"https:\/\/www.leipomorosten.fi\/sv\/wp-json\/wp\/v2\/product_cat?post=24661"},{"taxonomy":"product_tag","embeddable":true,"href":"https:\/\/www.leipomorosten.fi\/sv\/wp-json\/wp\/v2\/product_tag?post=24661"}],"curies":[{"name":"wp","href":"https:\/\/api.w.org\/{rel}","templated":true}]}}