{"id":24687,"date":"2024-01-10T14:08:41","date_gmt":"2024-01-10T12:08:41","guid":{"rendered":"https:\/\/www.leipomorosten.fi\/tuote\/rosten-pumppernikkeli-85g-2\/"},"modified":"2026-04-26T07:30:27","modified_gmt":"2026-04-26T04:30:27","slug":"rosten-pumppernikkeli-85g-2","status":"publish","type":"product","link":"https:\/\/www.leipomorosten.fi\/sv\/tuote\/rosten-pumppernikkeli-85g-2\/","title":{"rendered":"Rosten Pumppernikkeli 85g"},"content":{"rendered":"","protected":false},"excerpt":{"rendered":"<p>ETT DR\u00d6MT\u00c4CKT KAFFEBR\u00d6D<br \/>\nDen milda hallonpumpernickeln kombinerar parisisk elegans och originaliteten hos mormors bakverk. Denna kaka, gjord med traditionella metoder, har gjorts i Parains sk\u00e4rg\u00e5rd sedan b\u00f6rjan av 40-talet.<\/p>\n","protected":false},"featured_media":23223,"template":"","meta":[],"product_brand":[],"product_cat":[579,581,635,629],"product_tag":[],"class_list":{"0":"post-24687","1":"product","2":"type-product","3":"status-publish","4":"has-post-thumbnail","6":"product_cat-fikabrod-kex-och-kakor","7":"product_cat-kex","8":"product_cat-pumppernikkeli-sv","9":"product_cat-varumarken","11":"first","12":"instock","13":"shipping-taxable","14":"product-type-simple"},"_links":{"self":[{"href":"https:\/\/www.leipomorosten.fi\/sv\/wp-json\/wp\/v2\/product\/24687","targetHints":{"allow":["GET"]}}],"collection":[{"href":"https:\/\/www.leipomorosten.fi\/sv\/wp-json\/wp\/v2\/product"}],"about":[{"href":"https:\/\/www.leipomorosten.fi\/sv\/wp-json\/wp\/v2\/types\/product"}],"wp:featuredmedia":[{"embeddable":true,"href":"https:\/\/www.leipomorosten.fi\/sv\/wp-json\/wp\/v2\/media\/23223"}],"wp:attachment":[{"href":"https:\/\/www.leipomorosten.fi\/sv\/wp-json\/wp\/v2\/media?parent=24687"}],"wp:term":[{"taxonomy":"product_brand","embeddable":true,"href":"https:\/\/www.leipomorosten.fi\/sv\/wp-json\/wp\/v2\/product_brand?post=24687"},{"taxonomy":"product_cat","embeddable":true,"href":"https:\/\/www.leipomorosten.fi\/sv\/wp-json\/wp\/v2\/product_cat?post=24687"},{"taxonomy":"product_tag","embeddable":true,"href":"https:\/\/www.leipomorosten.fi\/sv\/wp-json\/wp\/v2\/product_tag?post=24687"}],"curies":[{"name":"wp","href":"https:\/\/api.w.org\/{rel}","templated":true}]}}