{"id":24723,"date":"2023-11-08T10:19:14","date_gmt":"2023-11-08T08:19:14","guid":{"rendered":"https:\/\/www.leipomorosten.fi\/tuote\/rosten-street-food-bao-bun-angbulle-4-st-240-g\/"},"modified":"2025-03-05T06:31:08","modified_gmt":"2025-03-05T04:31:08","slug":"rosten-street-food-bao-bun-angbulle-4-st-240-g","status":"publish","type":"product","link":"https:\/\/www.leipomorosten.fi\/sv\/tuote\/rosten-street-food-bao-bun-angbulle-4-st-240-g\/","title":{"rendered":"Rosten Street Food Bao Bun \u00c5ngbulle 4 st\/240 g"},"content":{"rendered":"","protected":false},"excerpt":{"rendered":"<p>Enkel och god hemgatumat. Du kan snobba till det med en \u00e5ngkorg, men Bao Bun \u00e5ngbullarna blir ocks\u00e5 enkelt mjuka i mikro. St\u00e4ll en mikrot\u00e5lig kopp med vatten p\u00e5 en tallrik och placera Bao Bun \u00e5ngbullarna runt koppen. T\u00e4ck \u00f6ver med mikrokupa och v\u00e4rm. Fyll med vad du vill och njut! Du kan ocks\u00e5 anv\u00e4nda en vanlig \u00e5ngkastrull.<br \/>\nLaktosfri, utan tillsatt gluten, tillverkad i Finland. V\u00e4rm som du vill, fyll med vad du vill och njut.<\/p>\n","protected":false},"featured_media":23553,"template":"","meta":[],"product_brand":[],"product_cat":[653,645,629],"product_tag":[],"class_list":{"0":"post-24723","1":"product","2":"type-product","3":"status-publish","4":"has-post-thumbnail","6":"product_cat-blandbrod","7":"product_cat-street-food-sv","8":"product_cat-varumarken","10":"first","11":"instock","12":"shipping-taxable","13":"product-type-simple"},"_links":{"self":[{"href":"https:\/\/www.leipomorosten.fi\/sv\/wp-json\/wp\/v2\/product\/24723","targetHints":{"allow":["GET"]}}],"collection":[{"href":"https:\/\/www.leipomorosten.fi\/sv\/wp-json\/wp\/v2\/product"}],"about":[{"href":"https:\/\/www.leipomorosten.fi\/sv\/wp-json\/wp\/v2\/types\/product"}],"wp:featuredmedia":[{"embeddable":true,"href":"https:\/\/www.leipomorosten.fi\/sv\/wp-json\/wp\/v2\/media\/23553"}],"wp:attachment":[{"href":"https:\/\/www.leipomorosten.fi\/sv\/wp-json\/wp\/v2\/media?parent=24723"}],"wp:term":[{"taxonomy":"product_brand","embeddable":true,"href":"https:\/\/www.leipomorosten.fi\/sv\/wp-json\/wp\/v2\/product_brand?post=24723"},{"taxonomy":"product_cat","embeddable":true,"href":"https:\/\/www.leipomorosten.fi\/sv\/wp-json\/wp\/v2\/product_cat?post=24723"},{"taxonomy":"product_tag","embeddable":true,"href":"https:\/\/www.leipomorosten.fi\/sv\/wp-json\/wp\/v2\/product_tag?post=24723"}],"curies":[{"name":"wp","href":"https:\/\/api.w.org\/{rel}","templated":true}]}}