{"id":25649,"date":"2025-01-19T06:31:50","date_gmt":"2025-01-19T04:31:50","guid":{"rendered":"https:\/\/www.leipomorosten.fi\/tuote\/rosten-smorgastartabrod-mork-710-g-fryst\/"},"modified":"2026-04-26T07:31:00","modified_gmt":"2026-04-26T04:31:00","slug":"rosten-smorgastartabrod-mork-710-g-fryst","status":"publish","type":"product","link":"https:\/\/www.leipomorosten.fi\/sv\/tuote\/rosten-smorgastartabrod-mork-710-g-fryst\/","title":{"rendered":"Rosten Sm\u00f6rg\u00e5st\u00e5rtabr\u00f6d m\u00f6rk 710 g, fryst"},"content":{"rendered":"","protected":false},"excerpt":{"rendered":"<p>Skivat m\u00f6rkt sm\u00f6rg\u00e5st\u00e5rtabr\u00f6d. Laktosfri och rika p\u00e5 fibrer.<\/p>\n","protected":false},"featured_media":25667,"template":"","meta":[],"product_brand":[],"product_cat":[655],"product_tag":[],"class_list":{"0":"post-25649","1":"product","2":"type-product","3":"status-publish","4":"has-post-thumbnail","6":"product_cat-smorgastartabrod","8":"first","9":"instock","10":"shipping-taxable","11":"product-type-simple"},"_links":{"self":[{"href":"https:\/\/www.leipomorosten.fi\/sv\/wp-json\/wp\/v2\/product\/25649","targetHints":{"allow":["GET"]}}],"collection":[{"href":"https:\/\/www.leipomorosten.fi\/sv\/wp-json\/wp\/v2\/product"}],"about":[{"href":"https:\/\/www.leipomorosten.fi\/sv\/wp-json\/wp\/v2\/types\/product"}],"wp:featuredmedia":[{"embeddable":true,"href":"https:\/\/www.leipomorosten.fi\/sv\/wp-json\/wp\/v2\/media\/25667"}],"wp:attachment":[{"href":"https:\/\/www.leipomorosten.fi\/sv\/wp-json\/wp\/v2\/media?parent=25649"}],"wp:term":[{"taxonomy":"product_brand","embeddable":true,"href":"https:\/\/www.leipomorosten.fi\/sv\/wp-json\/wp\/v2\/product_brand?post=25649"},{"taxonomy":"product_cat","embeddable":true,"href":"https:\/\/www.leipomorosten.fi\/sv\/wp-json\/wp\/v2\/product_cat?post=25649"},{"taxonomy":"product_tag","embeddable":true,"href":"https:\/\/www.leipomorosten.fi\/sv\/wp-json\/wp\/v2\/product_tag?post=25649"}],"curies":[{"name":"wp","href":"https:\/\/api.w.org\/{rel}","templated":true}]}}