{"id":25653,"date":"2025-01-19T06:32:02","date_gmt":"2025-01-19T04:32:02","guid":{"rendered":"https:\/\/www.leipomorosten.fi\/tuote\/rosten-kycklingkebab-butter-chicken-400-g-djupfrys\/"},"modified":"2026-04-26T07:31:01","modified_gmt":"2026-04-26T04:31:01","slug":"rosten-kycklingkebab-butter-chicken-400-g-djupfrys","status":"publish","type":"product","link":"https:\/\/www.leipomorosten.fi\/sv\/tuote\/rosten-kycklingkebab-butter-chicken-400-g-djupfrys\/","title":{"rendered":"Rosten Kycklingkebab Butter chicken 400 g, djupfrys"},"content":{"rendered":"","protected":false},"excerpt":{"rendered":"<p>Kebab likadan i Berlin, men i ministorlek. Finsk broilerkebabk\u00f6tt, ris och en fyllig sm\u00f6rkycklings\u00e5s alia butter chicken s\u00e5s i en vetebr\u00f6d.<\/p>\n","protected":false},"featured_media":25615,"template":"","meta":[],"product_brand":[],"product_cat":[613,615],"product_tag":[],"class_list":{"0":"post-25653","1":"product","2":"type-product","3":"status-publish","4":"has-post-thumbnail","6":"product_cat-frysta","7":"product_cat-matig","9":"first","10":"instock","11":"shipping-taxable","12":"product-type-simple"},"_links":{"self":[{"href":"https:\/\/www.leipomorosten.fi\/sv\/wp-json\/wp\/v2\/product\/25653","targetHints":{"allow":["GET"]}}],"collection":[{"href":"https:\/\/www.leipomorosten.fi\/sv\/wp-json\/wp\/v2\/product"}],"about":[{"href":"https:\/\/www.leipomorosten.fi\/sv\/wp-json\/wp\/v2\/types\/product"}],"wp:featuredmedia":[{"embeddable":true,"href":"https:\/\/www.leipomorosten.fi\/sv\/wp-json\/wp\/v2\/media\/25615"}],"wp:attachment":[{"href":"https:\/\/www.leipomorosten.fi\/sv\/wp-json\/wp\/v2\/media?parent=25653"}],"wp:term":[{"taxonomy":"product_brand","embeddable":true,"href":"https:\/\/www.leipomorosten.fi\/sv\/wp-json\/wp\/v2\/product_brand?post=25653"},{"taxonomy":"product_cat","embeddable":true,"href":"https:\/\/www.leipomorosten.fi\/sv\/wp-json\/wp\/v2\/product_cat?post=25653"},{"taxonomy":"product_tag","embeddable":true,"href":"https:\/\/www.leipomorosten.fi\/sv\/wp-json\/wp\/v2\/product_tag?post=25653"}],"curies":[{"name":"wp","href":"https:\/\/api.w.org\/{rel}","templated":true}]}}