{"id":25655,"date":"2025-01-19T06:32:02","date_gmt":"2025-01-19T04:32:02","guid":{"rendered":"https:\/\/www.leipomorosten.fi\/tuote\/rosten-havre-morot-bitar-3-st-210-g\/"},"modified":"2026-04-26T07:31:01","modified_gmt":"2026-04-26T04:31:01","slug":"rosten-havre-morot-bitar-3-st-210-g","status":"publish","type":"product","link":"https:\/\/www.leipomorosten.fi\/sv\/tuote\/rosten-havre-morot-bitar-3-st-210-g\/","title":{"rendered":"Rosten Havre-morot bitar 3 st 210 g"},"content":{"rendered":"","protected":false},"excerpt":{"rendered":"<p>Mjuk fullkornshavrebr\u00f6d med morot som \u00e4r b\u00e5de gott och fiberhaltig.<\/p>\n","protected":false},"featured_media":25679,"template":"","meta":[],"product_brand":[],"product_cat":[647,651],"product_tag":[],"class_list":{"0":"post-25655","1":"product","2":"type-product","3":"status-publish","4":"has-post-thumbnail","6":"product_cat-ljust-och-vit-brod","7":"product_cat-semlor","9":"first","10":"instock","11":"shipping-taxable","12":"product-type-simple"},"_links":{"self":[{"href":"https:\/\/www.leipomorosten.fi\/sv\/wp-json\/wp\/v2\/product\/25655","targetHints":{"allow":["GET"]}}],"collection":[{"href":"https:\/\/www.leipomorosten.fi\/sv\/wp-json\/wp\/v2\/product"}],"about":[{"href":"https:\/\/www.leipomorosten.fi\/sv\/wp-json\/wp\/v2\/types\/product"}],"wp:featuredmedia":[{"embeddable":true,"href":"https:\/\/www.leipomorosten.fi\/sv\/wp-json\/wp\/v2\/media\/25679"}],"wp:attachment":[{"href":"https:\/\/www.leipomorosten.fi\/sv\/wp-json\/wp\/v2\/media?parent=25655"}],"wp:term":[{"taxonomy":"product_brand","embeddable":true,"href":"https:\/\/www.leipomorosten.fi\/sv\/wp-json\/wp\/v2\/product_brand?post=25655"},{"taxonomy":"product_cat","embeddable":true,"href":"https:\/\/www.leipomorosten.fi\/sv\/wp-json\/wp\/v2\/product_cat?post=25655"},{"taxonomy":"product_tag","embeddable":true,"href":"https:\/\/www.leipomorosten.fi\/sv\/wp-json\/wp\/v2\/product_tag?post=25655"}],"curies":[{"name":"wp","href":"https:\/\/api.w.org\/{rel}","templated":true}]}}