{"id":25659,"date":"2025-01-19T06:32:03","date_gmt":"2025-01-19T04:32:03","guid":{"rendered":"https:\/\/www.leipomorosten.fi\/tuote\/rosten-ragkornssemla-7-st-450-g\/"},"modified":"2026-04-26T07:31:02","modified_gmt":"2026-04-26T04:31:02","slug":"rosten-ragkornssemla-7-st-450-g","status":"publish","type":"product","link":"https:\/\/www.leipomorosten.fi\/sv\/tuote\/rosten-ragkornssemla-7-st-450-g\/","title":{"rendered":"Rosten R\u00e5gkornssemla 7 st 450 g"},"content":{"rendered":"","protected":false},"excerpt":{"rendered":"<p>R\u00e5gsmakande mjukt veter\u00e5gbr\u00f6d, rika p\u00e5 fibrer och protein.<\/p>\n","protected":false},"featured_media":25691,"template":"","meta":[],"product_brand":[],"product_cat":[653,647],"product_tag":[],"class_list":{"0":"post-25659","1":"product","2":"type-product","3":"status-publish","4":"has-post-thumbnail","6":"product_cat-blandbrod","7":"product_cat-ljust-och-vit-brod","9":"first","10":"instock","11":"shipping-taxable","12":"product-type-simple"},"_links":{"self":[{"href":"https:\/\/www.leipomorosten.fi\/sv\/wp-json\/wp\/v2\/product\/25659","targetHints":{"allow":["GET"]}}],"collection":[{"href":"https:\/\/www.leipomorosten.fi\/sv\/wp-json\/wp\/v2\/product"}],"about":[{"href":"https:\/\/www.leipomorosten.fi\/sv\/wp-json\/wp\/v2\/types\/product"}],"wp:featuredmedia":[{"embeddable":true,"href":"https:\/\/www.leipomorosten.fi\/sv\/wp-json\/wp\/v2\/media\/25691"}],"wp:attachment":[{"href":"https:\/\/www.leipomorosten.fi\/sv\/wp-json\/wp\/v2\/media?parent=25659"}],"wp:term":[{"taxonomy":"product_brand","embeddable":true,"href":"https:\/\/www.leipomorosten.fi\/sv\/wp-json\/wp\/v2\/product_brand?post=25659"},{"taxonomy":"product_cat","embeddable":true,"href":"https:\/\/www.leipomorosten.fi\/sv\/wp-json\/wp\/v2\/product_cat?post=25659"},{"taxonomy":"product_tag","embeddable":true,"href":"https:\/\/www.leipomorosten.fi\/sv\/wp-json\/wp\/v2\/product_tag?post=25659"}],"curies":[{"name":"wp","href":"https:\/\/api.w.org\/{rel}","templated":true}]}}