{"id":25661,"date":"2025-01-19T06:31:50","date_gmt":"2025-01-19T04:31:50","guid":{"rendered":"https:\/\/www.leipomorosten.fi\/tuote\/rosten-fullkorns-ragbrod-bitar-200-g\/"},"modified":"2026-04-26T07:31:02","modified_gmt":"2026-04-26T04:31:02","slug":"rosten-fullkorns-ragbrod-bitar-200-g","status":"publish","type":"product","link":"https:\/\/www.leipomorosten.fi\/sv\/tuote\/rosten-fullkorns-ragbrod-bitar-200-g\/","title":{"rendered":"Rosten Fullkorns r\u00e5gbr\u00f6d bitar 200 g"},"content":{"rendered":"","protected":false},"excerpt":{"rendered":"<p>Smakande och mjukt fullkornsr\u00e5gbr\u00f6d med 68 % fullkornsr\u00e5g. Fiber- och proteinhaltig.<\/p>\n","protected":false},"featured_media":25697,"template":"","meta":[],"product_brand":[],"product_cat":[625,619],"product_tag":[],"class_list":{"0":"post-25661","1":"product","2":"type-product","3":"status-publish","4":"has-post-thumbnail","6":"product_cat-bitar","7":"product_cat-morkt-brod","9":"first","10":"instock","11":"shipping-taxable","12":"product-type-simple"},"_links":{"self":[{"href":"https:\/\/www.leipomorosten.fi\/sv\/wp-json\/wp\/v2\/product\/25661","targetHints":{"allow":["GET"]}}],"collection":[{"href":"https:\/\/www.leipomorosten.fi\/sv\/wp-json\/wp\/v2\/product"}],"about":[{"href":"https:\/\/www.leipomorosten.fi\/sv\/wp-json\/wp\/v2\/types\/product"}],"wp:featuredmedia":[{"embeddable":true,"href":"https:\/\/www.leipomorosten.fi\/sv\/wp-json\/wp\/v2\/media\/25697"}],"wp:attachment":[{"href":"https:\/\/www.leipomorosten.fi\/sv\/wp-json\/wp\/v2\/media?parent=25661"}],"wp:term":[{"taxonomy":"product_brand","embeddable":true,"href":"https:\/\/www.leipomorosten.fi\/sv\/wp-json\/wp\/v2\/product_brand?post=25661"},{"taxonomy":"product_cat","embeddable":true,"href":"https:\/\/www.leipomorosten.fi\/sv\/wp-json\/wp\/v2\/product_cat?post=25661"},{"taxonomy":"product_tag","embeddable":true,"href":"https:\/\/www.leipomorosten.fi\/sv\/wp-json\/wp\/v2\/product_tag?post=25661"}],"curies":[{"name":"wp","href":"https:\/\/api.w.org\/{rel}","templated":true}]}}