{"id":25703,"date":"2024-01-10T14:10:07","date_gmt":"2024-01-10T12:10:07","guid":{"rendered":"https:\/\/www.leipomorosten.fi\/tuote\/rosten-siemen-rapeat-havre-chia-fron-12st-250g-knackebrod-med-fron\/"},"modified":"2026-04-26T07:30:17","modified_gmt":"2026-04-26T04:30:17","slug":"rosten-siemen-rapeat-havre-chia-fron-12st-250g-knackebrod-med-fron","status":"publish","type":"product","link":"https:\/\/www.leipomorosten.fi\/sv\/tuote\/rosten-siemen-rapeat-havre-chia-fron-12st-250g-knackebrod-med-fron\/","title":{"rendered":"Rosten Siemen Rapeat Havre &amp; Chia fr\u00f6n 12st 250g Kn\u00e4ckebr\u00f6d med fr\u00f6n"},"content":{"rendered":"","protected":false},"excerpt":{"rendered":"","protected":false},"featured_media":27224,"template":"","meta":[],"product_brand":[],"product_cat":[617,641,629],"product_tag":[],"class_list":{"0":"post-25703","1":"product","2":"type-product","3":"status-publish","4":"has-post-thumbnail","6":"product_cat-froknackebrod","7":"product_cat-siemenrapeat-sv","8":"product_cat-varumarken","10":"first","11":"instock","12":"shipping-taxable","13":"product-type-simple"},"_links":{"self":[{"href":"https:\/\/www.leipomorosten.fi\/sv\/wp-json\/wp\/v2\/product\/25703","targetHints":{"allow":["GET"]}}],"collection":[{"href":"https:\/\/www.leipomorosten.fi\/sv\/wp-json\/wp\/v2\/product"}],"about":[{"href":"https:\/\/www.leipomorosten.fi\/sv\/wp-json\/wp\/v2\/types\/product"}],"wp:featuredmedia":[{"embeddable":true,"href":"https:\/\/www.leipomorosten.fi\/sv\/wp-json\/wp\/v2\/media\/27224"}],"wp:attachment":[{"href":"https:\/\/www.leipomorosten.fi\/sv\/wp-json\/wp\/v2\/media?parent=25703"}],"wp:term":[{"taxonomy":"product_brand","embeddable":true,"href":"https:\/\/www.leipomorosten.fi\/sv\/wp-json\/wp\/v2\/product_brand?post=25703"},{"taxonomy":"product_cat","embeddable":true,"href":"https:\/\/www.leipomorosten.fi\/sv\/wp-json\/wp\/v2\/product_cat?post=25703"},{"taxonomy":"product_tag","embeddable":true,"href":"https:\/\/www.leipomorosten.fi\/sv\/wp-json\/wp\/v2\/product_tag?post=25703"}],"curies":[{"name":"wp","href":"https:\/\/api.w.org\/{rel}","templated":true}]}}