{"id":25779,"date":"2025-02-02T06:31:35","date_gmt":"2025-02-02T04:31:35","guid":{"rendered":"https:\/\/www.leipomorosten.fi\/tuote\/rosten-siemenrapeat-spannmalsfri-frobrod-orter-provence-8-st-170-g\/"},"modified":"2026-04-26T07:31:02","modified_gmt":"2026-04-26T04:31:02","slug":"rosten-siemenrapeat-spannmalsfri-frobrod-orter-provence-8-st-170-g","status":"publish","type":"product","link":"https:\/\/www.leipomorosten.fi\/sv\/tuote\/rosten-siemenrapeat-spannmalsfri-frobrod-orter-provence-8-st-170-g\/","title":{"rendered":"Rosten Siemenrapeat Spannm\u00e5lsfri fr\u00f6br\u00f6d \u00d6rter Provence 8 st 170 g"},"content":{"rendered":"","protected":false},"excerpt":{"rendered":"<p>Spannm\u00e5lsfri fr\u00f6kn\u00e4ckebr\u00f6d med en klassisk fransk kryddblandning \u00d6rter fr\u00e5n Provence. Produkten best\u00e5r av 85% fr\u00f6n och \u00e4r l\u00e5gkolhydratrik, fiberrik, proteinrik, laktosfri och glutenfri. Det perfekta valet f\u00f6r en spannm\u00e5lsfri diet, som en del av mat recepter, som ers\u00e4ttning f\u00f6r traditionellt br\u00f6d eller som mellanm\u00e5l.<\/p>\n","protected":false},"featured_media":25793,"template":"","meta":[],"product_brand":[],"product_cat":[617,641,657],"product_tag":[],"class_list":{"0":"post-25779","1":"product","2":"type-product","3":"status-publish","4":"has-post-thumbnail","6":"product_cat-froknackebrod","7":"product_cat-siemenrapeat-sv","8":"product_cat-spannmalsfritt","10":"first","11":"instock","12":"shipping-taxable","13":"product-type-simple"},"_links":{"self":[{"href":"https:\/\/www.leipomorosten.fi\/sv\/wp-json\/wp\/v2\/product\/25779","targetHints":{"allow":["GET"]}}],"collection":[{"href":"https:\/\/www.leipomorosten.fi\/sv\/wp-json\/wp\/v2\/product"}],"about":[{"href":"https:\/\/www.leipomorosten.fi\/sv\/wp-json\/wp\/v2\/types\/product"}],"wp:featuredmedia":[{"embeddable":true,"href":"https:\/\/www.leipomorosten.fi\/sv\/wp-json\/wp\/v2\/media\/25793"}],"wp:attachment":[{"href":"https:\/\/www.leipomorosten.fi\/sv\/wp-json\/wp\/v2\/media?parent=25779"}],"wp:term":[{"taxonomy":"product_brand","embeddable":true,"href":"https:\/\/www.leipomorosten.fi\/sv\/wp-json\/wp\/v2\/product_brand?post=25779"},{"taxonomy":"product_cat","embeddable":true,"href":"https:\/\/www.leipomorosten.fi\/sv\/wp-json\/wp\/v2\/product_cat?post=25779"},{"taxonomy":"product_tag","embeddable":true,"href":"https:\/\/www.leipomorosten.fi\/sv\/wp-json\/wp\/v2\/product_tag?post=25779"}],"curies":[{"name":"wp","href":"https:\/\/api.w.org\/{rel}","templated":true}]}}