{"id":25847,"date":"2024-01-10T14:09:57","date_gmt":"2024-01-10T12:09:57","guid":{"rendered":"https:\/\/www.leipomorosten.fi\/tuote\/rosten-runebergstarta-2-st-240g\/"},"modified":"2026-04-26T07:30:18","modified_gmt":"2026-04-26T04:30:18","slug":"rosten-runebergstarta-2-st-240g","status":"publish","type":"product","link":"https:\/\/www.leipomorosten.fi\/sv\/tuote\/rosten-runebergstarta-2-st-240g\/","title":{"rendered":"Rosten Runebergst\u00e5rta 2 st 240g"},"content":{"rendered":"","protected":false},"excerpt":{"rendered":"<p>Runebergst\u00e5rta \u00e4r en l\u00e4cker klassisk bakelse. F\u00f6rvarad fryst.<\/p>\n","protected":false},"featured_media":27230,"template":"","meta":[],"product_brand":[],"product_cat":[579,597,601,593],"product_tag":[],"class_list":{"0":"post-25847","1":"product","2":"type-product","3":"status-publish","4":"has-post-thumbnail","6":"product_cat-fikabrod-kex-och-kakor","7":"product_cat-januari-april","8":"product_cat-klassiker","9":"product_cat-sasongsprodukter","11":"first","12":"instock","13":"shipping-taxable","14":"product-type-simple"},"_links":{"self":[{"href":"https:\/\/www.leipomorosten.fi\/sv\/wp-json\/wp\/v2\/product\/25847","targetHints":{"allow":["GET"]}}],"collection":[{"href":"https:\/\/www.leipomorosten.fi\/sv\/wp-json\/wp\/v2\/product"}],"about":[{"href":"https:\/\/www.leipomorosten.fi\/sv\/wp-json\/wp\/v2\/types\/product"}],"wp:featuredmedia":[{"embeddable":true,"href":"https:\/\/www.leipomorosten.fi\/sv\/wp-json\/wp\/v2\/media\/27230"}],"wp:attachment":[{"href":"https:\/\/www.leipomorosten.fi\/sv\/wp-json\/wp\/v2\/media?parent=25847"}],"wp:term":[{"taxonomy":"product_brand","embeddable":true,"href":"https:\/\/www.leipomorosten.fi\/sv\/wp-json\/wp\/v2\/product_brand?post=25847"},{"taxonomy":"product_cat","embeddable":true,"href":"https:\/\/www.leipomorosten.fi\/sv\/wp-json\/wp\/v2\/product_cat?post=25847"},{"taxonomy":"product_tag","embeddable":true,"href":"https:\/\/www.leipomorosten.fi\/sv\/wp-json\/wp\/v2\/product_tag?post=25847"}],"curies":[{"name":"wp","href":"https:\/\/api.w.org\/{rel}","templated":true}]}}