{"id":25857,"date":"2024-01-10T14:08:23","date_gmt":"2024-01-10T12:08:23","guid":{"rendered":"https:\/\/www.leipomorosten.fi\/tuote\/rosten-jurmo-skargardsknackebrodfullkorn-knackebrod-10-st-180g\/"},"modified":"2026-04-26T07:30:34","modified_gmt":"2026-04-26T04:30:34","slug":"rosten-jurmo-skargardsknackebrodfullkorn-knackebrod-10-st-180g","status":"publish","type":"product","link":"https:\/\/www.leipomorosten.fi\/sv\/tuote\/rosten-jurmo-skargardsknackebrodfullkorn-knackebrod-10-st-180g\/","title":{"rendered":"Rosten Jurmo sk\u00e4rg\u00e5rdskn\u00e4ckebr\u00f6d,fullkorn kn\u00e4ckebr\u00f6d 10 st\/180g"},"content":{"rendered":"","protected":false},"excerpt":{"rendered":"","protected":false},"featured_media":26740,"template":"","meta":[],"product_brand":[],"product_cat":[625,633,619,629],"product_tag":[],"class_list":{"0":"post-25857","1":"product","2":"type-product","3":"status-publish","4":"has-post-thumbnail","6":"product_cat-bitar","7":"product_cat-jurmo-sv","8":"product_cat-morkt-brod","9":"product_cat-varumarken","11":"first","12":"instock","13":"shipping-taxable","14":"product-type-simple"},"_links":{"self":[{"href":"https:\/\/www.leipomorosten.fi\/sv\/wp-json\/wp\/v2\/product\/25857","targetHints":{"allow":["GET"]}}],"collection":[{"href":"https:\/\/www.leipomorosten.fi\/sv\/wp-json\/wp\/v2\/product"}],"about":[{"href":"https:\/\/www.leipomorosten.fi\/sv\/wp-json\/wp\/v2\/types\/product"}],"wp:featuredmedia":[{"embeddable":true,"href":"https:\/\/www.leipomorosten.fi\/sv\/wp-json\/wp\/v2\/media\/26740"}],"wp:attachment":[{"href":"https:\/\/www.leipomorosten.fi\/sv\/wp-json\/wp\/v2\/media?parent=25857"}],"wp:term":[{"taxonomy":"product_brand","embeddable":true,"href":"https:\/\/www.leipomorosten.fi\/sv\/wp-json\/wp\/v2\/product_brand?post=25857"},{"taxonomy":"product_cat","embeddable":true,"href":"https:\/\/www.leipomorosten.fi\/sv\/wp-json\/wp\/v2\/product_cat?post=25857"},{"taxonomy":"product_tag","embeddable":true,"href":"https:\/\/www.leipomorosten.fi\/sv\/wp-json\/wp\/v2\/product_tag?post=25857"}],"curies":[{"name":"wp","href":"https:\/\/api.w.org\/{rel}","templated":true}]}}