{"id":25863,"date":"2024-03-12T06:32:03","date_gmt":"2024-03-12T04:32:03","guid":{"rendered":"https:\/\/www.leipomorosten.fi\/tuote\/rosten-stor-hallonmunk-95-g-losa\/"},"modified":"2026-04-26T07:30:53","modified_gmt":"2026-04-26T04:30:53","slug":"rosten-stor-hallonmunk-95-g-losa","status":"publish","type":"product","link":"https:\/\/www.leipomorosten.fi\/sv\/tuote\/rosten-stor-hallonmunk-95-g-losa\/","title":{"rendered":"Rosten Stor hallonmunk 95 g, losa"},"content":{"rendered":"","protected":false},"excerpt":{"rendered":"<p>Nu finns det en stor munk f\u00f6r alla som \u00e4r sugna p\u00e5 n\u00e5got s\u00f6tt. Rostens stora hallonmunk sl\u00e4cker s\u00f6tsuget s\u00e4rskilt n\u00e4r munkens mjuka deg r\u00f6r vid tungan. Fyllningen best\u00e5r av f\u00e4rsk hallonsylt.<\/p>\n","protected":false},"featured_media":24695,"template":"","meta":[],"product_brand":[],"product_cat":[579,585],"product_tag":[],"class_list":{"0":"post-25863","1":"product","2":"type-product","3":"status-publish","4":"has-post-thumbnail","6":"product_cat-fikabrod-kex-och-kakor","7":"product_cat-munkar","9":"first","10":"instock","11":"shipping-taxable","12":"product-type-simple"},"_links":{"self":[{"href":"https:\/\/www.leipomorosten.fi\/sv\/wp-json\/wp\/v2\/product\/25863","targetHints":{"allow":["GET"]}}],"collection":[{"href":"https:\/\/www.leipomorosten.fi\/sv\/wp-json\/wp\/v2\/product"}],"about":[{"href":"https:\/\/www.leipomorosten.fi\/sv\/wp-json\/wp\/v2\/types\/product"}],"wp:featuredmedia":[{"embeddable":true,"href":"https:\/\/www.leipomorosten.fi\/sv\/wp-json\/wp\/v2\/media\/24695"}],"wp:attachment":[{"href":"https:\/\/www.leipomorosten.fi\/sv\/wp-json\/wp\/v2\/media?parent=25863"}],"wp:term":[{"taxonomy":"product_brand","embeddable":true,"href":"https:\/\/www.leipomorosten.fi\/sv\/wp-json\/wp\/v2\/product_brand?post=25863"},{"taxonomy":"product_cat","embeddable":true,"href":"https:\/\/www.leipomorosten.fi\/sv\/wp-json\/wp\/v2\/product_cat?post=25863"},{"taxonomy":"product_tag","embeddable":true,"href":"https:\/\/www.leipomorosten.fi\/sv\/wp-json\/wp\/v2\/product_tag?post=25863"}],"curies":[{"name":"wp","href":"https:\/\/api.w.org\/{rel}","templated":true}]}}