{"id":25875,"date":"2024-01-10T14:07:54","date_gmt":"2024-01-10T12:07:54","guid":{"rendered":"https:\/\/www.leipomorosten.fi\/tuote\/rosten-havre-100-450-g-havre-morotsbrod-fryst\/"},"modified":"2026-04-26T07:30:40","modified_gmt":"2026-04-26T04:30:40","slug":"rosten-havre-100-450-g-havre-morotsbrod-fryst","status":"publish","type":"product","link":"https:\/\/www.leipomorosten.fi\/sv\/tuote\/rosten-havre-100-450-g-havre-morotsbrod-fryst\/","title":{"rendered":"Rosten Havre 100 450 g, havre-morotsbr\u00f6d, fryst"},"content":{"rendered":"","protected":false},"excerpt":{"rendered":"<p>Leipomo Rostens Kaura 100 \u00e4r ett smakrikt havrebr\u00f6d som inneh\u00e5ller endast havreflingor och gryn. Br\u00f6det inneh\u00e5ller riven morot, som ger fin smak och f\u00e4rg till br\u00f6dets smakprofil. Br\u00f6det \u00e4r individuellt f\u00f6rpackat. Br\u00f6dets mogna vikt \u00e4r 450 g och det \u00e4r f\u00f6rpackad i en pappersp\u00e5se.<\/p>\n","protected":false},"featured_media":0,"template":"","meta":[],"product_brand":[],"product_cat":[613],"product_tag":[],"class_list":{"0":"post-25875","1":"product","2":"type-product","3":"status-publish","5":"product_cat-frysta","7":"first","8":"instock","9":"shipping-taxable","10":"product-type-simple"},"_links":{"self":[{"href":"https:\/\/www.leipomorosten.fi\/sv\/wp-json\/wp\/v2\/product\/25875","targetHints":{"allow":["GET"]}}],"collection":[{"href":"https:\/\/www.leipomorosten.fi\/sv\/wp-json\/wp\/v2\/product"}],"about":[{"href":"https:\/\/www.leipomorosten.fi\/sv\/wp-json\/wp\/v2\/types\/product"}],"wp:attachment":[{"href":"https:\/\/www.leipomorosten.fi\/sv\/wp-json\/wp\/v2\/media?parent=25875"}],"wp:term":[{"taxonomy":"product_brand","embeddable":true,"href":"https:\/\/www.leipomorosten.fi\/sv\/wp-json\/wp\/v2\/product_brand?post=25875"},{"taxonomy":"product_cat","embeddable":true,"href":"https:\/\/www.leipomorosten.fi\/sv\/wp-json\/wp\/v2\/product_cat?post=25875"},{"taxonomy":"product_tag","embeddable":true,"href":"https:\/\/www.leipomorosten.fi\/sv\/wp-json\/wp\/v2\/product_tag?post=25875"}],"curies":[{"name":"wp","href":"https:\/\/api.w.org\/{rel}","templated":true}]}}