{"id":25883,"date":"2024-01-10T14:10:17","date_gmt":"2024-01-10T12:10:17","guid":{"rendered":"https:\/\/www.leipomorosten.fi\/tuote\/rosten-horeca-havre-chia-2600g-knackebrod-med-fron\/"},"modified":"2026-04-26T07:30:16","modified_gmt":"2026-04-26T04:30:16","slug":"rosten-horeca-havre-chia-2600g-knackebrod-med-fron","status":"publish","type":"product","link":"https:\/\/www.leipomorosten.fi\/sv\/tuote\/rosten-horeca-havre-chia-2600g-knackebrod-med-fron\/","title":{"rendered":"Rosten HoReCa Havre &amp; Chia 2600g Kn\u00e4ckebr\u00f6d med fr\u00f6n"},"content":{"rendered":"","protected":false},"excerpt":{"rendered":"","protected":false},"featured_media":0,"template":"","meta":[],"product_brand":[],"product_cat":[389],"product_tag":[],"class_list":{"0":"post-25883","1":"product","2":"type-product","3":"status-publish","5":"product_cat-no-category-sv","7":"first","8":"instock","9":"shipping-taxable","10":"product-type-simple"},"_links":{"self":[{"href":"https:\/\/www.leipomorosten.fi\/sv\/wp-json\/wp\/v2\/product\/25883","targetHints":{"allow":["GET"]}}],"collection":[{"href":"https:\/\/www.leipomorosten.fi\/sv\/wp-json\/wp\/v2\/product"}],"about":[{"href":"https:\/\/www.leipomorosten.fi\/sv\/wp-json\/wp\/v2\/types\/product"}],"wp:attachment":[{"href":"https:\/\/www.leipomorosten.fi\/sv\/wp-json\/wp\/v2\/media?parent=25883"}],"wp:term":[{"taxonomy":"product_brand","embeddable":true,"href":"https:\/\/www.leipomorosten.fi\/sv\/wp-json\/wp\/v2\/product_brand?post=25883"},{"taxonomy":"product_cat","embeddable":true,"href":"https:\/\/www.leipomorosten.fi\/sv\/wp-json\/wp\/v2\/product_cat?post=25883"},{"taxonomy":"product_tag","embeddable":true,"href":"https:\/\/www.leipomorosten.fi\/sv\/wp-json\/wp\/v2\/product_tag?post=25883"}],"curies":[{"name":"wp","href":"https:\/\/api.w.org\/{rel}","templated":true}]}}