{"id":25955,"date":"2023-11-08T10:19:14","date_gmt":"2023-11-08T08:19:14","guid":{"rendered":"https:\/\/www.leipomorosten.fi\/tuote\/rosten-street-food-brioche-hamburgerbulle-4-st-280-g\/"},"modified":"2026-04-06T07:30:40","modified_gmt":"2026-04-06T04:30:40","slug":"rosten-street-food-brioche-hamburgerbulle-4-st-280-g","status":"publish","type":"product","link":"https:\/\/www.leipomorosten.fi\/sv\/tuote\/rosten-street-food-brioche-hamburgerbulle-4-st-280-g\/","title":{"rendered":"Rosten Street Food Brioche hamburgerbulle 4 st\/280 g"},"content":{"rendered":"","protected":false},"excerpt":{"rendered":"<p>Enkel och god hemgatumat. Grills\u00e4songes kunglighet \u00e4r den fluffigt s\u00f6ta briochebullen. Grilla, stek eller anv\u00e4nd br\u00f6drost. Fyll med vad du vill och njut! Om hungern kurrar f\u00f6r starkt, \u00e4t den som den \u00e4r.<br \/>\nLaktosfri, utan tillsatt gluten, tillverkad i Finland. V\u00e4rm som du vill, fyll med vad du vill och njut.<\/p>\n","protected":false},"featured_media":23541,"template":"","meta":[],"product_brand":[],"product_cat":[653,645,629],"product_tag":[],"class_list":{"0":"post-25955","1":"product","2":"type-product","3":"status-publish","4":"has-post-thumbnail","6":"product_cat-blandbrod","7":"product_cat-street-food-sv","8":"product_cat-varumarken","10":"first","11":"instock","12":"shipping-taxable","13":"product-type-simple"},"_links":{"self":[{"href":"https:\/\/www.leipomorosten.fi\/sv\/wp-json\/wp\/v2\/product\/25955","targetHints":{"allow":["GET"]}}],"collection":[{"href":"https:\/\/www.leipomorosten.fi\/sv\/wp-json\/wp\/v2\/product"}],"about":[{"href":"https:\/\/www.leipomorosten.fi\/sv\/wp-json\/wp\/v2\/types\/product"}],"wp:featuredmedia":[{"embeddable":true,"href":"https:\/\/www.leipomorosten.fi\/sv\/wp-json\/wp\/v2\/media\/23541"}],"wp:attachment":[{"href":"https:\/\/www.leipomorosten.fi\/sv\/wp-json\/wp\/v2\/media?parent=25955"}],"wp:term":[{"taxonomy":"product_brand","embeddable":true,"href":"https:\/\/www.leipomorosten.fi\/sv\/wp-json\/wp\/v2\/product_brand?post=25955"},{"taxonomy":"product_cat","embeddable":true,"href":"https:\/\/www.leipomorosten.fi\/sv\/wp-json\/wp\/v2\/product_cat?post=25955"},{"taxonomy":"product_tag","embeddable":true,"href":"https:\/\/www.leipomorosten.fi\/sv\/wp-json\/wp\/v2\/product_tag?post=25955"}],"curies":[{"name":"wp","href":"https:\/\/api.w.org\/{rel}","templated":true}]}}