{"id":26288,"date":"2024-01-10T14:08:15","date_gmt":"2024-01-10T12:08:15","guid":{"rendered":"https:\/\/www.leipomorosten.fi\/tuote\/rosten-seedboost-vitlok-chili-fro-snack-70-g\/"},"modified":"2026-04-26T07:30:35","modified_gmt":"2026-04-26T04:30:35","slug":"rosten-seedboost-vitlok-chili-fro-snack-70-g","status":"publish","type":"product","link":"https:\/\/www.leipomorosten.fi\/sv\/tuote\/rosten-seedboost-vitlok-chili-fro-snack-70-g\/","title":{"rendered":"Rosten Seedboost Vitl\u00f6k &amp; Chili fr\u00f6 snack 70 g"},"content":{"rendered":"","protected":false},"excerpt":{"rendered":"<p>Rosten Seedboost \u00e4r en ny, unik och n\u00e4ringsrik fr\u00f6boost<br \/>\nett charmigt mellanm\u00e5l. Smakvarianten Sesam-Chia \u00e4r en riktig vitamin- och sp\u00e5r\u00e4mne<br \/>\nbooster den inneh\u00e5ller fr\u00f6n upp till 65%. Seedboost-snacks \u00e4r ett unders\u00f6kt* h\u00e4lsosammare mellanm\u00e5l som en del av en m\u00e5ngsidig kost och h\u00e4lsosam livsstil. Du kan ta ett mellanm\u00e5l<br \/>\nSeedboost snacks som de \u00e4r n\u00e4r du k\u00e4nner dig lite hungrig eller att bygga efter din fantasi<br \/>\nav dem i sm\u00e5 snacksportionsbitar. Seedboost fr\u00f6baserade snacks passar alla, de \u00e4r glutenfria och inneh\u00e5ller en stor del av det dagliga rekommenderade intaget av vitaminer och mineraler som s\u00e5dant.<\/p>\n<p>* www.leipomorosten.fi\/seedhow<\/p>\n","protected":false},"featured_media":23439,"template":"","meta":[],"product_brand":[],"product_cat":[643,621,629],"product_tag":[],"class_list":{"0":"post-26288","1":"product","2":"type-product","3":"status-publish","4":"has-post-thumbnail","6":"product_cat-seedboost-sv","7":"product_cat-snacks-sv","8":"product_cat-varumarken","10":"first","11":"instock","12":"shipping-taxable","13":"product-type-simple"},"_links":{"self":[{"href":"https:\/\/www.leipomorosten.fi\/sv\/wp-json\/wp\/v2\/product\/26288","targetHints":{"allow":["GET"]}}],"collection":[{"href":"https:\/\/www.leipomorosten.fi\/sv\/wp-json\/wp\/v2\/product"}],"about":[{"href":"https:\/\/www.leipomorosten.fi\/sv\/wp-json\/wp\/v2\/types\/product"}],"wp:featuredmedia":[{"embeddable":true,"href":"https:\/\/www.leipomorosten.fi\/sv\/wp-json\/wp\/v2\/media\/23439"}],"wp:attachment":[{"href":"https:\/\/www.leipomorosten.fi\/sv\/wp-json\/wp\/v2\/media?parent=26288"}],"wp:term":[{"taxonomy":"product_brand","embeddable":true,"href":"https:\/\/www.leipomorosten.fi\/sv\/wp-json\/wp\/v2\/product_brand?post=26288"},{"taxonomy":"product_cat","embeddable":true,"href":"https:\/\/www.leipomorosten.fi\/sv\/wp-json\/wp\/v2\/product_cat?post=26288"},{"taxonomy":"product_tag","embeddable":true,"href":"https:\/\/www.leipomorosten.fi\/sv\/wp-json\/wp\/v2\/product_tag?post=26288"}],"curies":[{"name":"wp","href":"https:\/\/api.w.org\/{rel}","templated":true}]}}