{"id":26355,"date":"2024-01-10T14:08:21","date_gmt":"2024-01-10T12:08:21","guid":{"rendered":"https:\/\/www.leipomorosten.fi\/tuote\/rosten-lilla-karamell-wienerbrod-3-st-135-g\/"},"modified":"2026-04-15T07:30:35","modified_gmt":"2026-04-15T04:30:35","slug":"rosten-lilla-karamell-wienerbrod-3-st-135-g","status":"publish","type":"product","link":"https:\/\/www.leipomorosten.fi\/sv\/tuote\/rosten-lilla-karamell-wienerbrod-3-st-135-g\/","title":{"rendered":"Rosten Lilla  Karamell wienerbr\u00f6d 3 st 135 g"},"content":{"rendered":"","protected":false},"excerpt":{"rendered":"<p>Ljuvliga sm\u00e5 wienerbakade i sm\u00f6r med kinussmak.<\/p>\n","protected":false},"featured_media":23463,"template":"","meta":[],"product_brand":[],"product_cat":[579,591],"product_tag":[],"class_list":{"0":"post-26355","1":"product","2":"type-product","3":"status-publish","4":"has-post-thumbnail","6":"product_cat-fikabrod-kex-och-kakor","7":"product_cat-wienerbroden","9":"first","10":"instock","11":"shipping-taxable","12":"product-type-simple"},"_links":{"self":[{"href":"https:\/\/www.leipomorosten.fi\/sv\/wp-json\/wp\/v2\/product\/26355","targetHints":{"allow":["GET"]}}],"collection":[{"href":"https:\/\/www.leipomorosten.fi\/sv\/wp-json\/wp\/v2\/product"}],"about":[{"href":"https:\/\/www.leipomorosten.fi\/sv\/wp-json\/wp\/v2\/types\/product"}],"wp:featuredmedia":[{"embeddable":true,"href":"https:\/\/www.leipomorosten.fi\/sv\/wp-json\/wp\/v2\/media\/23463"}],"wp:attachment":[{"href":"https:\/\/www.leipomorosten.fi\/sv\/wp-json\/wp\/v2\/media?parent=26355"}],"wp:term":[{"taxonomy":"product_brand","embeddable":true,"href":"https:\/\/www.leipomorosten.fi\/sv\/wp-json\/wp\/v2\/product_brand?post=26355"},{"taxonomy":"product_cat","embeddable":true,"href":"https:\/\/www.leipomorosten.fi\/sv\/wp-json\/wp\/v2\/product_cat?post=26355"},{"taxonomy":"product_tag","embeddable":true,"href":"https:\/\/www.leipomorosten.fi\/sv\/wp-json\/wp\/v2\/product_tag?post=26355"}],"curies":[{"name":"wp","href":"https:\/\/api.w.org\/{rel}","templated":true}]}}