{"id":26460,"date":"2025-09-02T15:42:20","date_gmt":"2025-09-02T12:42:20","guid":{"rendered":"https:\/\/www.leipomorosten.fi\/tuote\/rosten-4-protein-froknackebrod-10st-210g\/"},"modified":"2026-04-26T07:31:02","modified_gmt":"2026-04-26T04:31:02","slug":"rosten-4-protein-froknackebrod-10st-210g","status":"publish","type":"product","link":"https:\/\/www.leipomorosten.fi\/sv\/tuote\/rosten-4-protein-froknackebrod-10st-210g\/","title":{"rendered":"Rosten 4 protein fr\u00f6kn\u00e4ckebr\u00f6d 10st 210g"},"content":{"rendered":"","protected":false},"excerpt":{"rendered":"<p>Vegansk och fiberrik fr\u00f6kn\u00e4ckebr\u00f6d med 25 % protein. Proteink\u00e4llorna \u00e4r solros, \u00e4rtor, bondb\u00f6nor  och hampa. Rostad och smakrik.<\/p>\n","protected":false},"featured_media":27308,"template":"","meta":[],"product_brand":[],"product_cat":[617,641],"product_tag":[],"class_list":{"0":"post-26460","1":"product","2":"type-product","3":"status-publish","4":"has-post-thumbnail","6":"product_cat-froknackebrod","7":"product_cat-siemenrapeat-sv","9":"first","10":"instock","11":"shipping-taxable","12":"product-type-simple"},"_links":{"self":[{"href":"https:\/\/www.leipomorosten.fi\/sv\/wp-json\/wp\/v2\/product\/26460","targetHints":{"allow":["GET"]}}],"collection":[{"href":"https:\/\/www.leipomorosten.fi\/sv\/wp-json\/wp\/v2\/product"}],"about":[{"href":"https:\/\/www.leipomorosten.fi\/sv\/wp-json\/wp\/v2\/types\/product"}],"wp:featuredmedia":[{"embeddable":true,"href":"https:\/\/www.leipomorosten.fi\/sv\/wp-json\/wp\/v2\/media\/27308"}],"wp:attachment":[{"href":"https:\/\/www.leipomorosten.fi\/sv\/wp-json\/wp\/v2\/media?parent=26460"}],"wp:term":[{"taxonomy":"product_brand","embeddable":true,"href":"https:\/\/www.leipomorosten.fi\/sv\/wp-json\/wp\/v2\/product_brand?post=26460"},{"taxonomy":"product_cat","embeddable":true,"href":"https:\/\/www.leipomorosten.fi\/sv\/wp-json\/wp\/v2\/product_cat?post=26460"},{"taxonomy":"product_tag","embeddable":true,"href":"https:\/\/www.leipomorosten.fi\/sv\/wp-json\/wp\/v2\/product_tag?post=26460"}],"curies":[{"name":"wp","href":"https:\/\/api.w.org\/{rel}","templated":true}]}}