{"id":26535,"date":"2024-01-10T14:08:20","date_gmt":"2024-01-10T12:08:20","guid":{"rendered":"https:\/\/www.leipomorosten.fi\/tuote\/rosten-vetekrosskivor-380-g\/"},"modified":"2026-05-01T07:30:34","modified_gmt":"2026-05-01T04:30:34","slug":"rosten-vetekrosskivor-380-g","status":"publish","type":"product","link":"https:\/\/www.leipomorosten.fi\/sv\/tuote\/rosten-vetekrosskivor-380-g\/","title":{"rendered":"Rosten Vetekrosskivor 380 g"},"content":{"rendered":"","protected":false},"excerpt":{"rendered":"<p>Traditionellt, l\u00e4ttillg\u00e4ngligt skivat grovbr\u00f6d som passar alla \u00e5ldrar och kan avnjutas fr\u00e5n morgon till kv\u00e4ll. Bakat med inhemska spannm\u00e5l.<\/p>\n","protected":false},"featured_media":26728,"template":"","meta":[],"product_brand":[],"product_cat":[647,651],"product_tag":[],"class_list":{"0":"post-26535","1":"product","2":"type-product","3":"status-publish","4":"has-post-thumbnail","6":"product_cat-ljust-och-vit-brod","7":"product_cat-semlor","9":"first","10":"instock","11":"shipping-taxable","12":"product-type-simple"},"_links":{"self":[{"href":"https:\/\/www.leipomorosten.fi\/sv\/wp-json\/wp\/v2\/product\/26535","targetHints":{"allow":["GET"]}}],"collection":[{"href":"https:\/\/www.leipomorosten.fi\/sv\/wp-json\/wp\/v2\/product"}],"about":[{"href":"https:\/\/www.leipomorosten.fi\/sv\/wp-json\/wp\/v2\/types\/product"}],"wp:featuredmedia":[{"embeddable":true,"href":"https:\/\/www.leipomorosten.fi\/sv\/wp-json\/wp\/v2\/media\/26728"}],"wp:attachment":[{"href":"https:\/\/www.leipomorosten.fi\/sv\/wp-json\/wp\/v2\/media?parent=26535"}],"wp:term":[{"taxonomy":"product_brand","embeddable":true,"href":"https:\/\/www.leipomorosten.fi\/sv\/wp-json\/wp\/v2\/product_brand?post=26535"},{"taxonomy":"product_cat","embeddable":true,"href":"https:\/\/www.leipomorosten.fi\/sv\/wp-json\/wp\/v2\/product_cat?post=26535"},{"taxonomy":"product_tag","embeddable":true,"href":"https:\/\/www.leipomorosten.fi\/sv\/wp-json\/wp\/v2\/product_tag?post=26535"}],"curies":[{"name":"wp","href":"https:\/\/api.w.org\/{rel}","templated":true}]}}