{"id":26620,"date":"2024-01-10T14:10:00","date_gmt":"2024-01-10T12:10:00","guid":{"rendered":"https:\/\/www.leipomorosten.fi\/tuote\/rosten-jordgubbwienerbrod-jordgubbsfyllt-wienerbrod-2st-180g\/"},"modified":"2026-04-26T07:30:17","modified_gmt":"2026-04-26T04:30:17","slug":"rosten-jordgubbwienerbrod-jordgubbsfyllt-wienerbrod-2st-180g","status":"publish","type":"product","link":"https:\/\/www.leipomorosten.fi\/sv\/tuote\/rosten-jordgubbwienerbrod-jordgubbsfyllt-wienerbrod-2st-180g\/","title":{"rendered":"Rosten Jordgubbwienerbr\u00f6d, jordgubbsfyllt wienerbr\u00f6d 2st 180g"},"content":{"rendered":"","protected":false},"excerpt":{"rendered":"<p>En l\u00e4cker wienerbr\u00f6d fylld med jordgubbssylt<\/p>\n","protected":false},"featured_media":27535,"template":"","meta":[],"product_brand":[],"product_cat":[579,591],"product_tag":[],"class_list":{"0":"post-26620","1":"product","2":"type-product","3":"status-publish","4":"has-post-thumbnail","6":"product_cat-fikabrod-kex-och-kakor","7":"product_cat-wienerbroden","9":"first","10":"instock","11":"shipping-taxable","12":"product-type-simple"},"_links":{"self":[{"href":"https:\/\/www.leipomorosten.fi\/sv\/wp-json\/wp\/v2\/product\/26620","targetHints":{"allow":["GET"]}}],"collection":[{"href":"https:\/\/www.leipomorosten.fi\/sv\/wp-json\/wp\/v2\/product"}],"about":[{"href":"https:\/\/www.leipomorosten.fi\/sv\/wp-json\/wp\/v2\/types\/product"}],"wp:featuredmedia":[{"embeddable":true,"href":"https:\/\/www.leipomorosten.fi\/sv\/wp-json\/wp\/v2\/media\/27535"}],"wp:attachment":[{"href":"https:\/\/www.leipomorosten.fi\/sv\/wp-json\/wp\/v2\/media?parent=26620"}],"wp:term":[{"taxonomy":"product_brand","embeddable":true,"href":"https:\/\/www.leipomorosten.fi\/sv\/wp-json\/wp\/v2\/product_brand?post=26620"},{"taxonomy":"product_cat","embeddable":true,"href":"https:\/\/www.leipomorosten.fi\/sv\/wp-json\/wp\/v2\/product_cat?post=26620"},{"taxonomy":"product_tag","embeddable":true,"href":"https:\/\/www.leipomorosten.fi\/sv\/wp-json\/wp\/v2\/product_tag?post=26620"}],"curies":[{"name":"wp","href":"https:\/\/api.w.org\/{rel}","templated":true}]}}