{"id":26630,"date":"2024-04-04T07:31:56","date_gmt":"2024-04-04T04:31:56","guid":{"rendered":"https:\/\/www.leipomorosten.fi\/tuote\/rosten-mini-kebab-390-g-djupfrys\/"},"modified":"2026-04-26T07:30:55","modified_gmt":"2026-04-26T04:30:55","slug":"rosten-mini-kebab-390-g-djupfrys","status":"publish","type":"product","link":"https:\/\/www.leipomorosten.fi\/sv\/tuote\/rosten-mini-kebab-390-g-djupfrys\/","title":{"rendered":"Rosten Mini Kebab 390 g, djupfrys"},"content":{"rendered":"","protected":false},"excerpt":{"rendered":"<p>En \u00e4kta kebab i miniatyr. Finsk n\u00f6tk\u00f6ttkebab, ris och kryddig tomats\u00e5s i en vetebr\u00f6d, med precis r\u00e4tt m\u00e4ngd kick.<\/p>\n","protected":false},"featured_media":25595,"template":"","meta":[],"product_brand":[],"product_cat":[613,615],"product_tag":[],"class_list":{"0":"post-26630","1":"product","2":"type-product","3":"status-publish","4":"has-post-thumbnail","6":"product_cat-frysta","7":"product_cat-matig","9":"first","10":"instock","11":"shipping-taxable","12":"product-type-simple"},"_links":{"self":[{"href":"https:\/\/www.leipomorosten.fi\/sv\/wp-json\/wp\/v2\/product\/26630","targetHints":{"allow":["GET"]}}],"collection":[{"href":"https:\/\/www.leipomorosten.fi\/sv\/wp-json\/wp\/v2\/product"}],"about":[{"href":"https:\/\/www.leipomorosten.fi\/sv\/wp-json\/wp\/v2\/types\/product"}],"wp:featuredmedia":[{"embeddable":true,"href":"https:\/\/www.leipomorosten.fi\/sv\/wp-json\/wp\/v2\/media\/25595"}],"wp:attachment":[{"href":"https:\/\/www.leipomorosten.fi\/sv\/wp-json\/wp\/v2\/media?parent=26630"}],"wp:term":[{"taxonomy":"product_brand","embeddable":true,"href":"https:\/\/www.leipomorosten.fi\/sv\/wp-json\/wp\/v2\/product_brand?post=26630"},{"taxonomy":"product_cat","embeddable":true,"href":"https:\/\/www.leipomorosten.fi\/sv\/wp-json\/wp\/v2\/product_cat?post=26630"},{"taxonomy":"product_tag","embeddable":true,"href":"https:\/\/www.leipomorosten.fi\/sv\/wp-json\/wp\/v2\/product_tag?post=26630"}],"curies":[{"name":"wp","href":"https:\/\/api.w.org\/{rel}","templated":true}]}}