{"id":26632,"date":"2025-04-24T07:31:25","date_gmt":"2025-04-24T04:31:25","guid":{"rendered":"https:\/\/www.leipomorosten.fi\/tuote\/rosten-ruisrokit-ohuet-230-g-6-st-ragmaltbrod\/"},"modified":"2026-04-26T07:31:04","modified_gmt":"2026-04-26T04:31:04","slug":"rosten-ruisrokit-ohuet-230-g-6-st-ragmaltbrod","status":"publish","type":"product","link":"https:\/\/www.leipomorosten.fi\/sv\/tuote\/rosten-ruisrokit-ohuet-230-g-6-st-ragmaltbrod\/","title":{"rendered":"Rosten Ruisrokit Ohuet 230 g\/ 6 st r\u00e5gmaltbr\u00f6d"},"content":{"rendered":"","protected":false},"excerpt":{"rendered":"<p>Rostens klassiker i en tunn version. Ett lite s\u00f6tt, lagom segt, unikt och fylligt m\u00f6rkt r\u00e5gmaltbr\u00f6d. 60 % av spannm\u00e5len \u00e4r fullkornsr\u00e5g.<\/p>\n","protected":false},"featured_media":26776,"template":"","meta":[],"product_brand":[],"product_cat":[625,601,619,637,609],"product_tag":[],"class_list":{"0":"post-26632","1":"product","2":"type-product","3":"status-publish","4":"has-post-thumbnail","6":"product_cat-bitar","7":"product_cat-klassiker","8":"product_cat-morkt-brod","9":"product_cat-rokit-sv","10":"product_cat-tunna","12":"first","13":"instock","14":"shipping-taxable","15":"product-type-simple"},"_links":{"self":[{"href":"https:\/\/www.leipomorosten.fi\/sv\/wp-json\/wp\/v2\/product\/26632","targetHints":{"allow":["GET"]}}],"collection":[{"href":"https:\/\/www.leipomorosten.fi\/sv\/wp-json\/wp\/v2\/product"}],"about":[{"href":"https:\/\/www.leipomorosten.fi\/sv\/wp-json\/wp\/v2\/types\/product"}],"wp:featuredmedia":[{"embeddable":true,"href":"https:\/\/www.leipomorosten.fi\/sv\/wp-json\/wp\/v2\/media\/26776"}],"wp:attachment":[{"href":"https:\/\/www.leipomorosten.fi\/sv\/wp-json\/wp\/v2\/media?parent=26632"}],"wp:term":[{"taxonomy":"product_brand","embeddable":true,"href":"https:\/\/www.leipomorosten.fi\/sv\/wp-json\/wp\/v2\/product_brand?post=26632"},{"taxonomy":"product_cat","embeddable":true,"href":"https:\/\/www.leipomorosten.fi\/sv\/wp-json\/wp\/v2\/product_cat?post=26632"},{"taxonomy":"product_tag","embeddable":true,"href":"https:\/\/www.leipomorosten.fi\/sv\/wp-json\/wp\/v2\/product_tag?post=26632"}],"curies":[{"name":"wp","href":"https:\/\/api.w.org\/{rel}","templated":true}]}}