{"id":26634,"date":"2025-08-03T07:31:05","date_gmt":"2025-08-03T04:31:05","guid":{"rendered":"https:\/\/www.leipomorosten.fi\/tuote\/rosten-hostlangt-350-g\/"},"modified":"2026-04-15T07:31:03","modified_gmt":"2026-04-15T04:31:03","slug":"rosten-hostlangt-350-g","status":"publish","type":"product","link":"https:\/\/www.leipomorosten.fi\/sv\/tuote\/rosten-hostlangt-350-g\/","title":{"rendered":"Rosten H\u00f6stl\u00e5ngt 350 g"},"content":{"rendered":"","protected":false},"excerpt":{"rendered":"<p>H\u00f6stens v\u00e4rme i en enda h\u00f6stl\u00e4ngd, en laktosfri bullel\u00e4ngd med tosca och \u00e4ppelsmak, som f\u00f6r med sig toscans rostade s\u00f6tma och sk\u00f6rdens s\u00f6ta \u00e4pplen till kaffebordet.<\/p>\n","protected":false},"featured_media":26327,"template":"","meta":[],"product_brand":[],"product_cat":[579,587,572,593,595],"product_tag":[],"class_list":{"0":"post-26634","1":"product","2":"type-product","3":"status-publish","4":"has-post-thumbnail","6":"product_cat-fikabrod-kex-och-kakor","7":"product_cat-langder","8":"product_cat-nyheter","9":"product_cat-sasongsprodukter","10":"product_cat-september-december","12":"first","13":"instock","14":"shipping-taxable","15":"product-type-simple"},"_links":{"self":[{"href":"https:\/\/www.leipomorosten.fi\/sv\/wp-json\/wp\/v2\/product\/26634","targetHints":{"allow":["GET"]}}],"collection":[{"href":"https:\/\/www.leipomorosten.fi\/sv\/wp-json\/wp\/v2\/product"}],"about":[{"href":"https:\/\/www.leipomorosten.fi\/sv\/wp-json\/wp\/v2\/types\/product"}],"wp:featuredmedia":[{"embeddable":true,"href":"https:\/\/www.leipomorosten.fi\/sv\/wp-json\/wp\/v2\/media\/26327"}],"wp:attachment":[{"href":"https:\/\/www.leipomorosten.fi\/sv\/wp-json\/wp\/v2\/media?parent=26634"}],"wp:term":[{"taxonomy":"product_brand","embeddable":true,"href":"https:\/\/www.leipomorosten.fi\/sv\/wp-json\/wp\/v2\/product_brand?post=26634"},{"taxonomy":"product_cat","embeddable":true,"href":"https:\/\/www.leipomorosten.fi\/sv\/wp-json\/wp\/v2\/product_cat?post=26634"},{"taxonomy":"product_tag","embeddable":true,"href":"https:\/\/www.leipomorosten.fi\/sv\/wp-json\/wp\/v2\/product_tag?post=26634"}],"curies":[{"name":"wp","href":"https:\/\/api.w.org\/{rel}","templated":true}]}}