{"id":26708,"date":"2024-01-10T14:10:02","date_gmt":"2024-01-10T12:10:02","guid":{"rendered":"https:\/\/www.leipomorosten.fi\/tuote\/rosten-revitty-ruisreikaleipa-250g-ragbrod\/"},"modified":"2026-04-26T07:30:17","modified_gmt":"2026-04-26T04:30:17","slug":"rosten-revitty-ruisreikaleipa-250g-ragbrod","status":"publish","type":"product","link":"https:\/\/www.leipomorosten.fi\/sv\/tuote\/rosten-revitty-ruisreikaleipa-250g-ragbrod\/","title":{"rendered":"Rosten Revitty Ruisreik\u00e4leip\u00e4 250g r\u00e5gbr\u00f6d"},"content":{"rendered":"","protected":false},"excerpt":{"rendered":"","protected":false},"featured_media":26734,"template":"","meta":[],"product_brand":[],"product_cat":[619,627],"product_tag":[],"class_list":{"0":"post-26708","1":"product","2":"type-product","3":"status-publish","4":"has-post-thumbnail","6":"product_cat-morkt-brod","7":"product_cat-raghalbrod","9":"first","10":"instock","11":"shipping-taxable","12":"product-type-simple"},"_links":{"self":[{"href":"https:\/\/www.leipomorosten.fi\/sv\/wp-json\/wp\/v2\/product\/26708","targetHints":{"allow":["GET"]}}],"collection":[{"href":"https:\/\/www.leipomorosten.fi\/sv\/wp-json\/wp\/v2\/product"}],"about":[{"href":"https:\/\/www.leipomorosten.fi\/sv\/wp-json\/wp\/v2\/types\/product"}],"wp:featuredmedia":[{"embeddable":true,"href":"https:\/\/www.leipomorosten.fi\/sv\/wp-json\/wp\/v2\/media\/26734"}],"wp:attachment":[{"href":"https:\/\/www.leipomorosten.fi\/sv\/wp-json\/wp\/v2\/media?parent=26708"}],"wp:term":[{"taxonomy":"product_brand","embeddable":true,"href":"https:\/\/www.leipomorosten.fi\/sv\/wp-json\/wp\/v2\/product_brand?post=26708"},{"taxonomy":"product_cat","embeddable":true,"href":"https:\/\/www.leipomorosten.fi\/sv\/wp-json\/wp\/v2\/product_cat?post=26708"},{"taxonomy":"product_tag","embeddable":true,"href":"https:\/\/www.leipomorosten.fi\/sv\/wp-json\/wp\/v2\/product_tag?post=26708"}],"curies":[{"name":"wp","href":"https:\/\/api.w.org\/{rel}","templated":true}]}}