{"id":27147,"date":"2023-11-08T10:19:13","date_gmt":"2023-11-08T08:19:13","guid":{"rendered":"https:\/\/www.leipomorosten.fi\/tuote\/rosten-arki-5-korn-semla-5-st-250-g\/"},"modified":"2026-04-26T07:30:41","modified_gmt":"2026-04-26T04:30:41","slug":"rosten-arki-5-korn-semla-5-st-250-g","status":"publish","type":"product","link":"https:\/\/www.leipomorosten.fi\/sv\/tuote\/rosten-arki-5-korn-semla-5-st-250-g\/","title":{"rendered":"Rosten Arki 5- korn semla 5 st\/250 g"},"content":{"rendered":"","protected":false},"excerpt":{"rendered":"<p>En vardaglig favoritsemla  bakad i Finland. Rosten Arki 5-kornssemla \u00e4r en laktosfri, fiber- och proteinrik veteblandsemla som inneh\u00e5ller vete, r\u00e5g, havre, korn och majs.<\/p>\n","protected":false},"featured_media":23571,"template":"","meta":[],"product_brand":[],"product_cat":[653],"product_tag":[],"class_list":{"0":"post-27147","1":"product","2":"type-product","3":"status-publish","4":"has-post-thumbnail","6":"product_cat-blandbrod","8":"first","9":"instock","10":"shipping-taxable","11":"product-type-simple"},"_links":{"self":[{"href":"https:\/\/www.leipomorosten.fi\/sv\/wp-json\/wp\/v2\/product\/27147","targetHints":{"allow":["GET"]}}],"collection":[{"href":"https:\/\/www.leipomorosten.fi\/sv\/wp-json\/wp\/v2\/product"}],"about":[{"href":"https:\/\/www.leipomorosten.fi\/sv\/wp-json\/wp\/v2\/types\/product"}],"wp:featuredmedia":[{"embeddable":true,"href":"https:\/\/www.leipomorosten.fi\/sv\/wp-json\/wp\/v2\/media\/23571"}],"wp:attachment":[{"href":"https:\/\/www.leipomorosten.fi\/sv\/wp-json\/wp\/v2\/media?parent=27147"}],"wp:term":[{"taxonomy":"product_brand","embeddable":true,"href":"https:\/\/www.leipomorosten.fi\/sv\/wp-json\/wp\/v2\/product_brand?post=27147"},{"taxonomy":"product_cat","embeddable":true,"href":"https:\/\/www.leipomorosten.fi\/sv\/wp-json\/wp\/v2\/product_cat?post=27147"},{"taxonomy":"product_tag","embeddable":true,"href":"https:\/\/www.leipomorosten.fi\/sv\/wp-json\/wp\/v2\/product_tag?post=27147"}],"curies":[{"name":"wp","href":"https:\/\/api.w.org\/{rel}","templated":true}]}}