{"id":27187,"date":"2025-12-10T11:43:52","date_gmt":"2025-12-10T09:43:52","guid":{"rendered":"https:\/\/www.leipomorosten.fi\/tuote\/rosten-jullangt-350-g\/"},"modified":"2026-04-26T07:31:05","modified_gmt":"2026-04-26T04:31:05","slug":"rosten-jullangt-350-g","status":"publish","type":"product","link":"https:\/\/www.leipomorosten.fi\/sv\/tuote\/rosten-jullangt-350-g\/","title":{"rendered":"Rosten Jull\u00e5ngt 350 g"},"content":{"rendered":"","protected":false},"excerpt":{"rendered":"<p>En pepparkakssmakande jull\u00e4ngd f\u00f6r dig som inte kan f\u00e5 nog av pepparkakor eller \u00e4r tr\u00f6tt p\u00e5 att njuta av dem i sin vanliga form. En saftig och l\u00e4cker godbit p\u00e5 julbordet.<\/p>\n","protected":false},"featured_media":27181,"template":"","meta":[],"product_brand":[],"product_cat":[579,587,593,595],"product_tag":[],"class_list":{"0":"post-27187","1":"product","2":"type-product","3":"status-publish","4":"has-post-thumbnail","6":"product_cat-fikabrod-kex-och-kakor","7":"product_cat-langder","8":"product_cat-sasongsprodukter","9":"product_cat-september-december","11":"first","12":"instock","13":"shipping-taxable","14":"product-type-simple"},"_links":{"self":[{"href":"https:\/\/www.leipomorosten.fi\/sv\/wp-json\/wp\/v2\/product\/27187","targetHints":{"allow":["GET"]}}],"collection":[{"href":"https:\/\/www.leipomorosten.fi\/sv\/wp-json\/wp\/v2\/product"}],"about":[{"href":"https:\/\/www.leipomorosten.fi\/sv\/wp-json\/wp\/v2\/types\/product"}],"wp:featuredmedia":[{"embeddable":true,"href":"https:\/\/www.leipomorosten.fi\/sv\/wp-json\/wp\/v2\/media\/27181"}],"wp:attachment":[{"href":"https:\/\/www.leipomorosten.fi\/sv\/wp-json\/wp\/v2\/media?parent=27187"}],"wp:term":[{"taxonomy":"product_brand","embeddable":true,"href":"https:\/\/www.leipomorosten.fi\/sv\/wp-json\/wp\/v2\/product_brand?post=27187"},{"taxonomy":"product_cat","embeddable":true,"href":"https:\/\/www.leipomorosten.fi\/sv\/wp-json\/wp\/v2\/product_cat?post=27187"},{"taxonomy":"product_tag","embeddable":true,"href":"https:\/\/www.leipomorosten.fi\/sv\/wp-json\/wp\/v2\/product_tag?post=27187"}],"curies":[{"name":"wp","href":"https:\/\/api.w.org\/{rel}","templated":true}]}}