{"id":27348,"date":"2026-01-08T15:54:40","date_gmt":"2026-01-08T13:54:40","guid":{"rendered":"https:\/\/www.leipomorosten.fi\/tuote\/rosten-havrekli-semla-5st-325g-flerkornsemla\/"},"modified":"2026-04-26T07:31:06","modified_gmt":"2026-04-26T04:31:06","slug":"rosten-havrekli-semla-5st-325g-flerkornsemla","status":"publish","type":"product","link":"https:\/\/www.leipomorosten.fi\/sv\/tuote\/rosten-havrekli-semla-5st-325g-flerkornsemla\/","title":{"rendered":"Rosten Havrekli semla 5st 325g flerkornsemla"},"content":{"rendered":"","protected":false},"excerpt":{"rendered":"<p>En v\u00e4lsmakande flerkorn semla rik p\u00e5 fiber och protein. Havresemlan \u00e4r mjuk och laktosfri, men \u00e4nd\u00e5 grov och kornig.<\/p>\n","protected":false},"featured_media":27406,"template":"","meta":[],"product_brand":[],"product_cat":[653,647],"product_tag":[],"class_list":{"0":"post-27348","1":"product","2":"type-product","3":"status-publish","4":"has-post-thumbnail","6":"product_cat-blandbrod","7":"product_cat-ljust-och-vit-brod","9":"first","10":"instock","11":"shipping-taxable","12":"product-type-simple"},"_links":{"self":[{"href":"https:\/\/www.leipomorosten.fi\/sv\/wp-json\/wp\/v2\/product\/27348","targetHints":{"allow":["GET"]}}],"collection":[{"href":"https:\/\/www.leipomorosten.fi\/sv\/wp-json\/wp\/v2\/product"}],"about":[{"href":"https:\/\/www.leipomorosten.fi\/sv\/wp-json\/wp\/v2\/types\/product"}],"wp:featuredmedia":[{"embeddable":true,"href":"https:\/\/www.leipomorosten.fi\/sv\/wp-json\/wp\/v2\/media\/27406"}],"wp:attachment":[{"href":"https:\/\/www.leipomorosten.fi\/sv\/wp-json\/wp\/v2\/media?parent=27348"}],"wp:term":[{"taxonomy":"product_brand","embeddable":true,"href":"https:\/\/www.leipomorosten.fi\/sv\/wp-json\/wp\/v2\/product_brand?post=27348"},{"taxonomy":"product_cat","embeddable":true,"href":"https:\/\/www.leipomorosten.fi\/sv\/wp-json\/wp\/v2\/product_cat?post=27348"},{"taxonomy":"product_tag","embeddable":true,"href":"https:\/\/www.leipomorosten.fi\/sv\/wp-json\/wp\/v2\/product_tag?post=27348"}],"curies":[{"name":"wp","href":"https:\/\/api.w.org\/{rel}","templated":true}]}}