{"id":27436,"date":"2023-11-08T10:19:13","date_gmt":"2023-11-08T08:19:13","guid":{"rendered":"https:\/\/www.leipomorosten.fi\/tuote\/rosten-siemenrapeat-orter-provence-havssalt-210-g\/"},"modified":"2026-04-26T07:30:40","modified_gmt":"2026-04-26T04:30:40","slug":"rosten-siemenrapeat-orter-provence-havssalt-210-g","status":"publish","type":"product","link":"https:\/\/www.leipomorosten.fi\/sv\/tuote\/rosten-siemenrapeat-orter-provence-havssalt-210-g\/","title":{"rendered":"Rosten Siemenrapeat \u00d6rter Provence &amp; Havssalt 210 g"},"content":{"rendered":"","protected":false},"excerpt":{"rendered":"<p>Glutenfritt fr\u00f6kn\u00e4cke med smak av \u00f6rter fr\u00e5n Provence och havssalt. Det senaste tillskottet till Finlands mest popul\u00e4ra fr\u00f6kn\u00e4ckefamilj \u00e4r bakat med finsk glutenfri fullkorns havre och inneh\u00e5ller 57 % fr\u00f6n. Inneh\u00e5ller vetenskapligt verifierat bra fettsyror, vitaminer och mineraler.<\/p>\n","protected":false},"featured_media":27210,"template":"","meta":[],"product_brand":[],"product_cat":[617,641,629],"product_tag":[],"class_list":{"0":"post-27436","1":"product","2":"type-product","3":"status-publish","4":"has-post-thumbnail","6":"product_cat-froknackebrod","7":"product_cat-siemenrapeat-sv","8":"product_cat-varumarken","10":"first","11":"instock","12":"shipping-taxable","13":"product-type-simple"},"_links":{"self":[{"href":"https:\/\/www.leipomorosten.fi\/sv\/wp-json\/wp\/v2\/product\/27436","targetHints":{"allow":["GET"]}}],"collection":[{"href":"https:\/\/www.leipomorosten.fi\/sv\/wp-json\/wp\/v2\/product"}],"about":[{"href":"https:\/\/www.leipomorosten.fi\/sv\/wp-json\/wp\/v2\/types\/product"}],"wp:featuredmedia":[{"embeddable":true,"href":"https:\/\/www.leipomorosten.fi\/sv\/wp-json\/wp\/v2\/media\/27210"}],"wp:attachment":[{"href":"https:\/\/www.leipomorosten.fi\/sv\/wp-json\/wp\/v2\/media?parent=27436"}],"wp:term":[{"taxonomy":"product_brand","embeddable":true,"href":"https:\/\/www.leipomorosten.fi\/sv\/wp-json\/wp\/v2\/product_brand?post=27436"},{"taxonomy":"product_cat","embeddable":true,"href":"https:\/\/www.leipomorosten.fi\/sv\/wp-json\/wp\/v2\/product_cat?post=27436"},{"taxonomy":"product_tag","embeddable":true,"href":"https:\/\/www.leipomorosten.fi\/sv\/wp-json\/wp\/v2\/product_tag?post=27436"}],"curies":[{"name":"wp","href":"https:\/\/api.w.org\/{rel}","templated":true}]}}