{"id":27484,"date":"2026-01-29T09:15:09","date_gmt":"2026-01-29T07:15:09","guid":{"rendered":"https:\/\/www.leipomorosten.fi\/tuote\/rosten-siemenrapeat-spannmalsfri-frobrod-sesamlinfro-2-st-425-g\/"},"modified":"2026-04-26T07:31:06","modified_gmt":"2026-04-26T04:31:06","slug":"rosten-siemenrapeat-spannmalsfri-frobrod-sesamlinfro-2-st-425-g","status":"publish","type":"product","link":"https:\/\/www.leipomorosten.fi\/sv\/tuote\/rosten-siemenrapeat-spannmalsfri-frobrod-sesamlinfro-2-st-425-g\/","title":{"rendered":"Rosten Siemenrapeat Spannm\u00e5lsfri fr\u00f6br\u00f6d Sesam&amp;Linfr\u00f6 2 st 42,5 g"},"content":{"rendered":"","protected":false},"excerpt":{"rendered":"","protected":false},"featured_media":0,"template":"","meta":[],"product_brand":[],"product_cat":[389],"product_tag":[],"class_list":{"0":"post-27484","1":"product","2":"type-product","3":"status-publish","5":"product_cat-no-category-sv","7":"first","8":"instock","9":"shipping-taxable","10":"product-type-simple"},"_links":{"self":[{"href":"https:\/\/www.leipomorosten.fi\/sv\/wp-json\/wp\/v2\/product\/27484","targetHints":{"allow":["GET"]}}],"collection":[{"href":"https:\/\/www.leipomorosten.fi\/sv\/wp-json\/wp\/v2\/product"}],"about":[{"href":"https:\/\/www.leipomorosten.fi\/sv\/wp-json\/wp\/v2\/types\/product"}],"wp:attachment":[{"href":"https:\/\/www.leipomorosten.fi\/sv\/wp-json\/wp\/v2\/media?parent=27484"}],"wp:term":[{"taxonomy":"product_brand","embeddable":true,"href":"https:\/\/www.leipomorosten.fi\/sv\/wp-json\/wp\/v2\/product_brand?post=27484"},{"taxonomy":"product_cat","embeddable":true,"href":"https:\/\/www.leipomorosten.fi\/sv\/wp-json\/wp\/v2\/product_cat?post=27484"},{"taxonomy":"product_tag","embeddable":true,"href":"https:\/\/www.leipomorosten.fi\/sv\/wp-json\/wp\/v2\/product_tag?post=27484"}],"curies":[{"name":"wp","href":"https:\/\/api.w.org\/{rel}","templated":true}]}}