{"id":27513,"date":"2026-03-01T06:31:06","date_gmt":"2026-03-01T04:31:06","guid":{"rendered":"https:\/\/www.leipomorosten.fi\/tuote\/rosten-varlangd-350-g\/"},"modified":"2026-04-15T07:31:05","modified_gmt":"2026-04-15T04:31:05","slug":"rosten-varlangd-350-g","status":"publish","type":"product","link":"https:\/\/www.leipomorosten.fi\/sv\/tuote\/rosten-varlangd-350-g\/","title":{"rendered":"Rosten V\u00e5rl\u00e4ngd 350 g"},"content":{"rendered":"","protected":false},"excerpt":{"rendered":"<p>Bullel\u00e4ngd med citronsmak f\u00f6r v\u00e5rens kaffebord.<\/p>\n","protected":false},"featured_media":27505,"template":"","meta":[],"product_brand":[],"product_cat":[579,587,599,572],"product_tag":[],"class_list":{"0":"post-27513","1":"product","2":"type-product","3":"status-publish","4":"has-post-thumbnail","6":"product_cat-fikabrod-kex-och-kakor","7":"product_cat-langder","8":"product_cat-maj-augusti","9":"product_cat-nyheter","11":"first","12":"instock","13":"shipping-taxable","14":"product-type-simple"},"_links":{"self":[{"href":"https:\/\/www.leipomorosten.fi\/sv\/wp-json\/wp\/v2\/product\/27513","targetHints":{"allow":["GET"]}}],"collection":[{"href":"https:\/\/www.leipomorosten.fi\/sv\/wp-json\/wp\/v2\/product"}],"about":[{"href":"https:\/\/www.leipomorosten.fi\/sv\/wp-json\/wp\/v2\/types\/product"}],"wp:featuredmedia":[{"embeddable":true,"href":"https:\/\/www.leipomorosten.fi\/sv\/wp-json\/wp\/v2\/media\/27505"}],"wp:attachment":[{"href":"https:\/\/www.leipomorosten.fi\/sv\/wp-json\/wp\/v2\/media?parent=27513"}],"wp:term":[{"taxonomy":"product_brand","embeddable":true,"href":"https:\/\/www.leipomorosten.fi\/sv\/wp-json\/wp\/v2\/product_brand?post=27513"},{"taxonomy":"product_cat","embeddable":true,"href":"https:\/\/www.leipomorosten.fi\/sv\/wp-json\/wp\/v2\/product_cat?post=27513"},{"taxonomy":"product_tag","embeddable":true,"href":"https:\/\/www.leipomorosten.fi\/sv\/wp-json\/wp\/v2\/product_tag?post=27513"}],"curies":[{"name":"wp","href":"https:\/\/api.w.org\/{rel}","templated":true}]}}