{"id":27545,"date":"2026-04-15T07:31:03","date_gmt":"2026-04-15T04:31:03","guid":{"rendered":"https:\/\/www.leipomorosten.fi\/tuote\/rosten-sommaren-langt-350-g\/"},"modified":"2026-04-24T07:31:08","modified_gmt":"2026-04-24T04:31:08","slug":"rosten-sommaren-langt-350-g","status":"publish","type":"product","link":"https:\/\/www.leipomorosten.fi\/sv\/tuote\/rosten-sommaren-langt-350-g\/","title":{"rendered":"Rosten Sommaren l\u00e5ngt 350 g"},"content":{"rendered":"","protected":false},"excerpt":{"rendered":"<p>Bullel\u00e4ngd med rabarber-, jordgubbs- och vaniljsmak f\u00f6r sommarens kaffebord.<\/p>\n","protected":false},"featured_media":27623,"template":"","meta":[],"product_brand":[],"product_cat":[579,587,599,572,593],"product_tag":[],"class_list":{"0":"post-27545","1":"product","2":"type-product","3":"status-publish","4":"has-post-thumbnail","6":"product_cat-fikabrod-kex-och-kakor","7":"product_cat-langder","8":"product_cat-maj-augusti","9":"product_cat-nyheter","10":"product_cat-sasongsprodukter","12":"first","13":"instock","14":"shipping-taxable","15":"product-type-simple"},"_links":{"self":[{"href":"https:\/\/www.leipomorosten.fi\/sv\/wp-json\/wp\/v2\/product\/27545","targetHints":{"allow":["GET"]}}],"collection":[{"href":"https:\/\/www.leipomorosten.fi\/sv\/wp-json\/wp\/v2\/product"}],"about":[{"href":"https:\/\/www.leipomorosten.fi\/sv\/wp-json\/wp\/v2\/types\/product"}],"wp:featuredmedia":[{"embeddable":true,"href":"https:\/\/www.leipomorosten.fi\/sv\/wp-json\/wp\/v2\/media\/27623"}],"wp:attachment":[{"href":"https:\/\/www.leipomorosten.fi\/sv\/wp-json\/wp\/v2\/media?parent=27545"}],"wp:term":[{"taxonomy":"product_brand","embeddable":true,"href":"https:\/\/www.leipomorosten.fi\/sv\/wp-json\/wp\/v2\/product_brand?post=27545"},{"taxonomy":"product_cat","embeddable":true,"href":"https:\/\/www.leipomorosten.fi\/sv\/wp-json\/wp\/v2\/product_cat?post=27545"},{"taxonomy":"product_tag","embeddable":true,"href":"https:\/\/www.leipomorosten.fi\/sv\/wp-json\/wp\/v2\/product_tag?post=27545"}],"curies":[{"name":"wp","href":"https:\/\/api.w.org\/{rel}","templated":true}]}}