{"id":27655,"date":"2026-04-22T07:31:11","date_gmt":"2026-04-22T04:31:11","guid":{"rendered":"https:\/\/www.leipomorosten.fi\/tuote\/rosten-lilla-paron-wienerbrod-2-st-90-g\/"},"modified":"2026-04-26T07:31:07","modified_gmt":"2026-04-26T04:31:07","slug":"rosten-lilla-paron-wienerbrod-2-st-90-g","status":"publish","type":"product","link":"https:\/\/www.leipomorosten.fi\/sv\/tuote\/rosten-lilla-paron-wienerbrod-2-st-90-g\/","title":{"rendered":"Rosten Lilla P\u00e4ron wienerbr\u00f6d 2 st 90 g"},"content":{"rendered":"","protected":false},"excerpt":{"rendered":"<p>H\u00e4rliga sm\u00e5 wienerbr\u00f6d, bakade med sm\u00f6r.<\/p>\n","protected":false},"featured_media":27561,"template":"","meta":[],"product_brand":[],"product_cat":[579,572,591],"product_tag":[],"class_list":{"0":"post-27655","1":"product","2":"type-product","3":"status-publish","4":"has-post-thumbnail","6":"product_cat-fikabrod-kex-och-kakor","7":"product_cat-nyheter","8":"product_cat-wienerbroden","10":"first","11":"instock","12":"shipping-taxable","13":"product-type-simple"},"_links":{"self":[{"href":"https:\/\/www.leipomorosten.fi\/sv\/wp-json\/wp\/v2\/product\/27655","targetHints":{"allow":["GET"]}}],"collection":[{"href":"https:\/\/www.leipomorosten.fi\/sv\/wp-json\/wp\/v2\/product"}],"about":[{"href":"https:\/\/www.leipomorosten.fi\/sv\/wp-json\/wp\/v2\/types\/product"}],"wp:featuredmedia":[{"embeddable":true,"href":"https:\/\/www.leipomorosten.fi\/sv\/wp-json\/wp\/v2\/media\/27561"}],"wp:attachment":[{"href":"https:\/\/www.leipomorosten.fi\/sv\/wp-json\/wp\/v2\/media?parent=27655"}],"wp:term":[{"taxonomy":"product_brand","embeddable":true,"href":"https:\/\/www.leipomorosten.fi\/sv\/wp-json\/wp\/v2\/product_brand?post=27655"},{"taxonomy":"product_cat","embeddable":true,"href":"https:\/\/www.leipomorosten.fi\/sv\/wp-json\/wp\/v2\/product_cat?post=27655"},{"taxonomy":"product_tag","embeddable":true,"href":"https:\/\/www.leipomorosten.fi\/sv\/wp-json\/wp\/v2\/product_tag?post=27655"}],"curies":[{"name":"wp","href":"https:\/\/api.w.org\/{rel}","templated":true}]}}