{"id":3147,"date":"2024-01-10T14:10:25","date_gmt":"2024-01-10T12:10:25","guid":{"rendered":"https:\/\/www.leipomorosten.fi\/tuotteet\/rosten-jurmo-lingonbar-tranbar-sargardslimpa-450g\/"},"modified":"2026-04-26T07:30:29","modified_gmt":"2026-04-26T04:30:29","slug":"rosten-jurmo-lingonbar-tranbar-sargardslimpa-450g","status":"publish","type":"product","link":"https:\/\/www.leipomorosten.fi\/sv\/tuote\/rosten-jurmo-lingonbar-tranbar-sargardslimpa-450g\/","title":{"rendered":"Rosten Jurmo Lingonb\u00e4r-Tranb\u00e4r s\u00e4rg\u00e5rdslimpa 450g"},"content":{"rendered":"","protected":false},"excerpt":{"rendered":"","protected":false},"featured_media":23283,"template":"","meta":[],"product_brand":[],"product_cat":[633,623,619,629],"product_tag":[],"class_list":{"0":"post-3147","1":"product","2":"type-product","3":"status-publish","4":"has-post-thumbnail","6":"product_cat-jurmo-sv","7":"product_cat-limpor","8":"product_cat-morkt-brod","9":"product_cat-varumarken","11":"first","12":"instock","13":"shipping-taxable","14":"product-type-simple"},"_links":{"self":[{"href":"https:\/\/www.leipomorosten.fi\/sv\/wp-json\/wp\/v2\/product\/3147","targetHints":{"allow":["GET"]}}],"collection":[{"href":"https:\/\/www.leipomorosten.fi\/sv\/wp-json\/wp\/v2\/product"}],"about":[{"href":"https:\/\/www.leipomorosten.fi\/sv\/wp-json\/wp\/v2\/types\/product"}],"wp:featuredmedia":[{"embeddable":true,"href":"https:\/\/www.leipomorosten.fi\/sv\/wp-json\/wp\/v2\/media\/23283"}],"wp:attachment":[{"href":"https:\/\/www.leipomorosten.fi\/sv\/wp-json\/wp\/v2\/media?parent=3147"}],"wp:term":[{"taxonomy":"product_brand","embeddable":true,"href":"https:\/\/www.leipomorosten.fi\/sv\/wp-json\/wp\/v2\/product_brand?post=3147"},{"taxonomy":"product_cat","embeddable":true,"href":"https:\/\/www.leipomorosten.fi\/sv\/wp-json\/wp\/v2\/product_cat?post=3147"},{"taxonomy":"product_tag","embeddable":true,"href":"https:\/\/www.leipomorosten.fi\/sv\/wp-json\/wp\/v2\/product_tag?post=3147"}],"curies":[{"name":"wp","href":"https:\/\/api.w.org\/{rel}","templated":true}]}}