{"id":3153,"date":"2024-01-10T14:10:20","date_gmt":"2024-01-10T12:10:20","guid":{"rendered":"https:\/\/www.leipomorosten.fi\/tuotteet\/rosten-jurmo-skargardsknapp-9st-290g-ragbitbrod\/"},"modified":"2026-04-26T07:30:31","modified_gmt":"2026-04-26T04:30:31","slug":"rosten-jurmo-skargardsknapp-9st-290g-ragbitbrod","status":"publish","type":"product","link":"https:\/\/www.leipomorosten.fi\/sv\/tuote\/rosten-jurmo-skargardsknapp-9st-290g-ragbitbrod\/","title":{"rendered":"Rosten Jurmo Sk\u00e4rg\u00e5rdsknapp 9st 290g r\u00e5gbitbr\u00f6d"},"content":{"rendered":"","protected":false},"excerpt":{"rendered":"<p>Smaken av sk\u00e4rg\u00e5rdsbr\u00f6d i form av en r\u00e5gknapp. Perfekt att \u00e4ta som det \u00e4r eller tillsammans med fiskr\u00e4tter.<br \/>\nL\u00e4tt saltat. Traditionellt. 100 % finskt spannm\u00e5l.<\/p>\n","protected":false},"featured_media":26676,"template":"","meta":[],"product_brand":[],"product_cat":[625,633,619,629],"product_tag":[],"class_list":{"0":"post-3153","1":"product","2":"type-product","3":"status-publish","4":"has-post-thumbnail","6":"product_cat-bitar","7":"product_cat-jurmo-sv","8":"product_cat-morkt-brod","9":"product_cat-varumarken","11":"first","12":"instock","13":"shipping-taxable","14":"product-type-simple"},"_links":{"self":[{"href":"https:\/\/www.leipomorosten.fi\/sv\/wp-json\/wp\/v2\/product\/3153","targetHints":{"allow":["GET"]}}],"collection":[{"href":"https:\/\/www.leipomorosten.fi\/sv\/wp-json\/wp\/v2\/product"}],"about":[{"href":"https:\/\/www.leipomorosten.fi\/sv\/wp-json\/wp\/v2\/types\/product"}],"wp:featuredmedia":[{"embeddable":true,"href":"https:\/\/www.leipomorosten.fi\/sv\/wp-json\/wp\/v2\/media\/26676"}],"wp:attachment":[{"href":"https:\/\/www.leipomorosten.fi\/sv\/wp-json\/wp\/v2\/media?parent=3153"}],"wp:term":[{"taxonomy":"product_brand","embeddable":true,"href":"https:\/\/www.leipomorosten.fi\/sv\/wp-json\/wp\/v2\/product_brand?post=3153"},{"taxonomy":"product_cat","embeddable":true,"href":"https:\/\/www.leipomorosten.fi\/sv\/wp-json\/wp\/v2\/product_cat?post=3153"},{"taxonomy":"product_tag","embeddable":true,"href":"https:\/\/www.leipomorosten.fi\/sv\/wp-json\/wp\/v2\/product_tag?post=3153"}],"curies":[{"name":"wp","href":"https:\/\/api.w.org\/{rel}","templated":true}]}}