{"id":3325,"date":"2024-01-10T14:09:53","date_gmt":"2024-01-10T12:09:53","guid":{"rendered":"https:\/\/www.leipomorosten.fi\/tuotteet\/rosten-morot-potatis-landsbrod-400g-blandbrod\/"},"modified":"2026-04-26T07:30:20","modified_gmt":"2026-04-26T04:30:20","slug":"rosten-morot-potatis-landsbrod-400g-blandbrod","status":"publish","type":"product","link":"https:\/\/www.leipomorosten.fi\/sv\/tuote\/rosten-morot-potatis-landsbrod-400g-blandbrod\/","title":{"rendered":"Rosten morot-potatis landsbr\u00f6d 400g blandbr\u00f6d"},"content":{"rendered":"","protected":false},"excerpt":{"rendered":"<p>Lantbr\u00f6d \u00e4r ett f\u00f6rskuret mjukt br\u00f6d med morot och potatis. K\u00e4lla till fiber.<\/p>\n","protected":false},"featured_media":26272,"template":"","meta":[],"product_brand":[],"product_cat":[647,651],"product_tag":[],"class_list":{"0":"post-3325","1":"product","2":"type-product","3":"status-publish","4":"has-post-thumbnail","6":"product_cat-ljust-och-vit-brod","7":"product_cat-semlor","9":"first","10":"instock","11":"shipping-taxable","12":"product-type-simple"},"_links":{"self":[{"href":"https:\/\/www.leipomorosten.fi\/sv\/wp-json\/wp\/v2\/product\/3325","targetHints":{"allow":["GET"]}}],"collection":[{"href":"https:\/\/www.leipomorosten.fi\/sv\/wp-json\/wp\/v2\/product"}],"about":[{"href":"https:\/\/www.leipomorosten.fi\/sv\/wp-json\/wp\/v2\/types\/product"}],"wp:featuredmedia":[{"embeddable":true,"href":"https:\/\/www.leipomorosten.fi\/sv\/wp-json\/wp\/v2\/media\/26272"}],"wp:attachment":[{"href":"https:\/\/www.leipomorosten.fi\/sv\/wp-json\/wp\/v2\/media?parent=3325"}],"wp:term":[{"taxonomy":"product_brand","embeddable":true,"href":"https:\/\/www.leipomorosten.fi\/sv\/wp-json\/wp\/v2\/product_brand?post=3325"},{"taxonomy":"product_cat","embeddable":true,"href":"https:\/\/www.leipomorosten.fi\/sv\/wp-json\/wp\/v2\/product_cat?post=3325"},{"taxonomy":"product_tag","embeddable":true,"href":"https:\/\/www.leipomorosten.fi\/sv\/wp-json\/wp\/v2\/product_tag?post=3325"}],"curies":[{"name":"wp","href":"https:\/\/api.w.org\/{rel}","templated":true}]}}