{"id":3703,"date":"2024-01-10T14:09:27","date_gmt":"2024-01-10T12:09:27","guid":{"rendered":"https:\/\/www.leipomorosten.fi\/tuotteet\/rosten-ruisrokit-400g-6st-mork-ragmaltbrod\/"},"modified":"2026-04-26T07:30:20","modified_gmt":"2026-04-26T04:30:20","slug":"rosten-ruisrokit-400g-6st-mork-ragmaltbrod","status":"publish","type":"product","link":"https:\/\/www.leipomorosten.fi\/sv\/tuote\/rosten-ruisrokit-400g-6st-mork-ragmaltbrod\/","title":{"rendered":"Rosten Ruisrokit 400g\/6st m\u00f6rk r\u00e5gmaltbr\u00f6d"},"content":{"rendered":"","protected":false},"excerpt":{"rendered":"<p>Fibrerik. Bakad p\u00e5 surdeg. Friskt r\u00e5gigt. Kolla ocks\u00e5 v\u00e5r l\u00e4ckra r\u00e5g-tacorecept p\u00e5 www.leipomorosten.fi\/reseptit.<\/p>\n","protected":false},"featured_media":22923,"template":"","meta":[],"product_brand":[],"product_cat":[389],"product_tag":[],"class_list":{"0":"post-3703","1":"product","2":"type-product","3":"status-publish","4":"has-post-thumbnail","6":"product_cat-no-category-sv","8":"first","9":"instock","10":"shipping-taxable","11":"product-type-simple"},"_links":{"self":[{"href":"https:\/\/www.leipomorosten.fi\/sv\/wp-json\/wp\/v2\/product\/3703","targetHints":{"allow":["GET"]}}],"collection":[{"href":"https:\/\/www.leipomorosten.fi\/sv\/wp-json\/wp\/v2\/product"}],"about":[{"href":"https:\/\/www.leipomorosten.fi\/sv\/wp-json\/wp\/v2\/types\/product"}],"wp:featuredmedia":[{"embeddable":true,"href":"https:\/\/www.leipomorosten.fi\/sv\/wp-json\/wp\/v2\/media\/22923"}],"wp:attachment":[{"href":"https:\/\/www.leipomorosten.fi\/sv\/wp-json\/wp\/v2\/media?parent=3703"}],"wp:term":[{"taxonomy":"product_brand","embeddable":true,"href":"https:\/\/www.leipomorosten.fi\/sv\/wp-json\/wp\/v2\/product_brand?post=3703"},{"taxonomy":"product_cat","embeddable":true,"href":"https:\/\/www.leipomorosten.fi\/sv\/wp-json\/wp\/v2\/product_cat?post=3703"},{"taxonomy":"product_tag","embeddable":true,"href":"https:\/\/www.leipomorosten.fi\/sv\/wp-json\/wp\/v2\/product_tag?post=3703"}],"curies":[{"name":"wp","href":"https:\/\/api.w.org\/{rel}","templated":true}]}}