{"id":3735,"date":"2024-01-10T14:09:15","date_gmt":"2024-01-10T12:09:15","guid":{"rendered":"https:\/\/www.leipomorosten.fi\/tuotteet\/rosten-ljus-smorgastartabrod-720g\/"},"modified":"2026-04-26T07:30:22","modified_gmt":"2026-04-26T04:30:22","slug":"rosten-ljus-smorgastartabrod-720g","status":"publish","type":"product","link":"https:\/\/www.leipomorosten.fi\/sv\/tuote\/rosten-ljus-smorgastartabrod-720g\/","title":{"rendered":"Rosten Ljus sm\u00f6rg\u00e5st\u00e5rtabr\u00f6d 720g"},"content":{"rendered":"","protected":false},"excerpt":{"rendered":"","protected":false},"featured_media":23025,"template":"","meta":[],"product_brand":[],"product_cat":[647,655],"product_tag":[],"class_list":{"0":"post-3735","1":"product","2":"type-product","3":"status-publish","4":"has-post-thumbnail","6":"product_cat-ljust-och-vit-brod","7":"product_cat-smorgastartabrod","9":"first","10":"instock","11":"shipping-taxable","12":"product-type-simple"},"_links":{"self":[{"href":"https:\/\/www.leipomorosten.fi\/sv\/wp-json\/wp\/v2\/product\/3735","targetHints":{"allow":["GET"]}}],"collection":[{"href":"https:\/\/www.leipomorosten.fi\/sv\/wp-json\/wp\/v2\/product"}],"about":[{"href":"https:\/\/www.leipomorosten.fi\/sv\/wp-json\/wp\/v2\/types\/product"}],"wp:featuredmedia":[{"embeddable":true,"href":"https:\/\/www.leipomorosten.fi\/sv\/wp-json\/wp\/v2\/media\/23025"}],"wp:attachment":[{"href":"https:\/\/www.leipomorosten.fi\/sv\/wp-json\/wp\/v2\/media?parent=3735"}],"wp:term":[{"taxonomy":"product_brand","embeddable":true,"href":"https:\/\/www.leipomorosten.fi\/sv\/wp-json\/wp\/v2\/product_brand?post=3735"},{"taxonomy":"product_cat","embeddable":true,"href":"https:\/\/www.leipomorosten.fi\/sv\/wp-json\/wp\/v2\/product_cat?post=3735"},{"taxonomy":"product_tag","embeddable":true,"href":"https:\/\/www.leipomorosten.fi\/sv\/wp-json\/wp\/v2\/product_tag?post=3735"}],"curies":[{"name":"wp","href":"https:\/\/api.w.org\/{rel}","templated":true}]}}