{"id":3839,"date":"2024-01-10T14:09:09","date_gmt":"2024-01-10T12:09:09","guid":{"rendered":"https:\/\/www.leipomorosten.fi\/tuotteet\/rosten-horeca-havrespelt-knackebrod-med-fron-2600g\/"},"modified":"2026-04-26T07:30:23","modified_gmt":"2026-04-26T04:30:23","slug":"rosten-horeca-havrespelt-knackebrod-med-fron-2600g","status":"publish","type":"product","link":"https:\/\/www.leipomorosten.fi\/sv\/tuote\/rosten-horeca-havrespelt-knackebrod-med-fron-2600g\/","title":{"rendered":"Rosten HoReCa Havre&amp;spelt Kn\u00e4ckebr\u00f6d med fr\u00f6n 2600g"},"content":{"rendered":"","protected":false},"excerpt":{"rendered":"","protected":false},"featured_media":0,"template":"","meta":[],"product_brand":[],"product_cat":[389],"product_tag":[],"class_list":{"0":"post-3839","1":"product","2":"type-product","3":"status-publish","5":"product_cat-no-category-sv","7":"first","8":"instock","9":"shipping-taxable","10":"product-type-simple"},"_links":{"self":[{"href":"https:\/\/www.leipomorosten.fi\/sv\/wp-json\/wp\/v2\/product\/3839","targetHints":{"allow":["GET"]}}],"collection":[{"href":"https:\/\/www.leipomorosten.fi\/sv\/wp-json\/wp\/v2\/product"}],"about":[{"href":"https:\/\/www.leipomorosten.fi\/sv\/wp-json\/wp\/v2\/types\/product"}],"wp:attachment":[{"href":"https:\/\/www.leipomorosten.fi\/sv\/wp-json\/wp\/v2\/media?parent=3839"}],"wp:term":[{"taxonomy":"product_brand","embeddable":true,"href":"https:\/\/www.leipomorosten.fi\/sv\/wp-json\/wp\/v2\/product_brand?post=3839"},{"taxonomy":"product_cat","embeddable":true,"href":"https:\/\/www.leipomorosten.fi\/sv\/wp-json\/wp\/v2\/product_cat?post=3839"},{"taxonomy":"product_tag","embeddable":true,"href":"https:\/\/www.leipomorosten.fi\/sv\/wp-json\/wp\/v2\/product_tag?post=3839"}],"curies":[{"name":"wp","href":"https:\/\/api.w.org\/{rel}","templated":true}]}}