{"id":3873,"date":"2024-01-10T14:08:56","date_gmt":"2024-01-10T12:08:56","guid":{"rendered":"https:\/\/www.leipomorosten.fi\/tuotteet\/rosten-jultarta-2st-120g\/"},"modified":"2026-04-26T07:30:27","modified_gmt":"2026-04-26T04:30:27","slug":"rosten-jultarta-2st-120g","status":"publish","type":"product","link":"https:\/\/www.leipomorosten.fi\/sv\/tuote\/rosten-jultarta-2st-120g\/","title":{"rendered":"Rosten Jult\u00e5rta 2st\/120g"},"content":{"rendered":"","protected":false},"excerpt":{"rendered":"<p>Traditionell jult\u00e5rta eller stj\u00e4rnt\u00e5rta med plommonmarmelad.<\/p>\n","protected":false},"featured_media":27236,"template":"","meta":[],"product_brand":[],"product_cat":[579,593,595],"product_tag":[],"class_list":{"0":"post-3873","1":"product","2":"type-product","3":"status-publish","4":"has-post-thumbnail","6":"product_cat-fikabrod-kex-och-kakor","7":"product_cat-sasongsprodukter","8":"product_cat-september-december","10":"first","11":"instock","12":"shipping-taxable","13":"product-type-simple"},"_links":{"self":[{"href":"https:\/\/www.leipomorosten.fi\/sv\/wp-json\/wp\/v2\/product\/3873","targetHints":{"allow":["GET"]}}],"collection":[{"href":"https:\/\/www.leipomorosten.fi\/sv\/wp-json\/wp\/v2\/product"}],"about":[{"href":"https:\/\/www.leipomorosten.fi\/sv\/wp-json\/wp\/v2\/types\/product"}],"wp:featuredmedia":[{"embeddable":true,"href":"https:\/\/www.leipomorosten.fi\/sv\/wp-json\/wp\/v2\/media\/27236"}],"wp:attachment":[{"href":"https:\/\/www.leipomorosten.fi\/sv\/wp-json\/wp\/v2\/media?parent=3873"}],"wp:term":[{"taxonomy":"product_brand","embeddable":true,"href":"https:\/\/www.leipomorosten.fi\/sv\/wp-json\/wp\/v2\/product_brand?post=3873"},{"taxonomy":"product_cat","embeddable":true,"href":"https:\/\/www.leipomorosten.fi\/sv\/wp-json\/wp\/v2\/product_cat?post=3873"},{"taxonomy":"product_tag","embeddable":true,"href":"https:\/\/www.leipomorosten.fi\/sv\/wp-json\/wp\/v2\/product_tag?post=3873"}],"curies":[{"name":"wp","href":"https:\/\/api.w.org\/{rel}","templated":true}]}}