{"id":3881,"date":"2024-01-10T14:08:53","date_gmt":"2024-01-10T12:08:53","guid":{"rendered":"https:\/\/www.leipomorosten.fi\/tuotteet\/rosten-vetekrossemla-10st-650g\/"},"modified":"2026-05-01T07:30:25","modified_gmt":"2026-05-01T04:30:25","slug":"rosten-vetekrossemla-10st-650g","status":"publish","type":"product","link":"https:\/\/www.leipomorosten.fi\/sv\/tuote\/rosten-vetekrossemla-10st-650g\/","title":{"rendered":"Rosten vetekrossemla 10st 650g"},"content":{"rendered":"","protected":false},"excerpt":{"rendered":"<p>Traditionellt, l\u00e4ttillg\u00e4ngligt semla som passar b\u00e5de f\u00f6r unga och gamla och kan avnjutas fr\u00e5n morgon till kv\u00e4ll. Bakat med inhemska spannm\u00e5l. S\u00e4ljs i p\u00e5sar om 5 och 10 stycken.<\/p>\n","protected":false},"featured_media":26559,"template":"","meta":[],"product_brand":[],"product_cat":[653,647],"product_tag":[],"class_list":{"0":"post-3881","1":"product","2":"type-product","3":"status-publish","4":"has-post-thumbnail","6":"product_cat-blandbrod","7":"product_cat-ljust-och-vit-brod","9":"first","10":"instock","11":"shipping-taxable","12":"product-type-simple"},"_links":{"self":[{"href":"https:\/\/www.leipomorosten.fi\/sv\/wp-json\/wp\/v2\/product\/3881","targetHints":{"allow":["GET"]}}],"collection":[{"href":"https:\/\/www.leipomorosten.fi\/sv\/wp-json\/wp\/v2\/product"}],"about":[{"href":"https:\/\/www.leipomorosten.fi\/sv\/wp-json\/wp\/v2\/types\/product"}],"wp:featuredmedia":[{"embeddable":true,"href":"https:\/\/www.leipomorosten.fi\/sv\/wp-json\/wp\/v2\/media\/26559"}],"wp:attachment":[{"href":"https:\/\/www.leipomorosten.fi\/sv\/wp-json\/wp\/v2\/media?parent=3881"}],"wp:term":[{"taxonomy":"product_brand","embeddable":true,"href":"https:\/\/www.leipomorosten.fi\/sv\/wp-json\/wp\/v2\/product_brand?post=3881"},{"taxonomy":"product_cat","embeddable":true,"href":"https:\/\/www.leipomorosten.fi\/sv\/wp-json\/wp\/v2\/product_cat?post=3881"},{"taxonomy":"product_tag","embeddable":true,"href":"https:\/\/www.leipomorosten.fi\/sv\/wp-json\/wp\/v2\/product_tag?post=3881"}],"curies":[{"name":"wp","href":"https:\/\/api.w.org\/{rel}","templated":true}]}}