{"id":3977,"date":"2024-01-10T14:08:45","date_gmt":"2024-01-10T12:08:45","guid":{"rendered":"https:\/\/www.leipomorosten.fi\/tuotteet\/rosten-jurmo-sargardslimpa-500g\/"},"modified":"2026-04-26T07:30:26","modified_gmt":"2026-04-26T04:30:26","slug":"rosten-jurmo-sargardslimpa-500g","status":"publish","type":"product","link":"https:\/\/www.leipomorosten.fi\/sv\/tuote\/rosten-jurmo-sargardslimpa-500g\/","title":{"rendered":"Rosten Jurmo S\u00e4rg\u00e5rdslimpa 500g"},"content":{"rendered":"","protected":false},"excerpt":{"rendered":"<p>En sk\u00e4rg\u00e5rdslimpa bakad med traditionellt recept, som tack vare sin l\u00e5nga tillagningstid \u00e4r fuktig och lagom s\u00f6t. Denna saftiga Saaristolaislimppu \u00e4r en klassiker fr\u00e5n det \u00f6gonblick den f\u00f6ddes.<\/p>\n","protected":false},"featured_media":26139,"template":"","meta":[],"product_brand":[],"product_cat":[633,601,623,619,629],"product_tag":[],"class_list":{"0":"post-3977","1":"product","2":"type-product","3":"status-publish","4":"has-post-thumbnail","6":"product_cat-jurmo-sv","7":"product_cat-klassiker","8":"product_cat-limpor","9":"product_cat-morkt-brod","10":"product_cat-varumarken","12":"first","13":"instock","14":"shipping-taxable","15":"product-type-simple"},"_links":{"self":[{"href":"https:\/\/www.leipomorosten.fi\/sv\/wp-json\/wp\/v2\/product\/3977","targetHints":{"allow":["GET"]}}],"collection":[{"href":"https:\/\/www.leipomorosten.fi\/sv\/wp-json\/wp\/v2\/product"}],"about":[{"href":"https:\/\/www.leipomorosten.fi\/sv\/wp-json\/wp\/v2\/types\/product"}],"wp:featuredmedia":[{"embeddable":true,"href":"https:\/\/www.leipomorosten.fi\/sv\/wp-json\/wp\/v2\/media\/26139"}],"wp:attachment":[{"href":"https:\/\/www.leipomorosten.fi\/sv\/wp-json\/wp\/v2\/media?parent=3977"}],"wp:term":[{"taxonomy":"product_brand","embeddable":true,"href":"https:\/\/www.leipomorosten.fi\/sv\/wp-json\/wp\/v2\/product_brand?post=3977"},{"taxonomy":"product_cat","embeddable":true,"href":"https:\/\/www.leipomorosten.fi\/sv\/wp-json\/wp\/v2\/product_cat?post=3977"},{"taxonomy":"product_tag","embeddable":true,"href":"https:\/\/www.leipomorosten.fi\/sv\/wp-json\/wp\/v2\/product_tag?post=3977"}],"curies":[{"name":"wp","href":"https:\/\/api.w.org\/{rel}","templated":true}]}}