{"id":3983,"date":"2024-01-10T14:08:43","date_gmt":"2024-01-10T12:08:43","guid":{"rendered":"https:\/\/www.leipomorosten.fi\/tuotteet\/rosten-siemenrapeat-glutenfritt-havre-solros-knackebrod-med-fron-10st-210g\/"},"modified":"2026-04-26T07:30:26","modified_gmt":"2026-04-26T04:30:26","slug":"rosten-siemenrapeat-glutenfritt-havre-solros-knackebrod-med-fron-10st-210g","status":"publish","type":"product","link":"https:\/\/www.leipomorosten.fi\/sv\/tuote\/rosten-siemenrapeat-glutenfritt-havre-solros-knackebrod-med-fron-10st-210g\/","title":{"rendered":"Rosten Siemenrapeat Glutenfritt Havre &amp; Solros Kn\u00e4ckebr\u00f6d med fr\u00f6n 10st 210g"},"content":{"rendered":"","protected":false},"excerpt":{"rendered":"","protected":false},"featured_media":27248,"template":"","meta":[],"product_brand":[],"product_cat":[617,641,629],"product_tag":[],"class_list":{"0":"post-3983","1":"product","2":"type-product","3":"status-publish","4":"has-post-thumbnail","6":"product_cat-froknackebrod","7":"product_cat-siemenrapeat-sv","8":"product_cat-varumarken","10":"first","11":"instock","12":"shipping-taxable","13":"product-type-simple"},"_links":{"self":[{"href":"https:\/\/www.leipomorosten.fi\/sv\/wp-json\/wp\/v2\/product\/3983","targetHints":{"allow":["GET"]}}],"collection":[{"href":"https:\/\/www.leipomorosten.fi\/sv\/wp-json\/wp\/v2\/product"}],"about":[{"href":"https:\/\/www.leipomorosten.fi\/sv\/wp-json\/wp\/v2\/types\/product"}],"wp:featuredmedia":[{"embeddable":true,"href":"https:\/\/www.leipomorosten.fi\/sv\/wp-json\/wp\/v2\/media\/27248"}],"wp:attachment":[{"href":"https:\/\/www.leipomorosten.fi\/sv\/wp-json\/wp\/v2\/media?parent=3983"}],"wp:term":[{"taxonomy":"product_brand","embeddable":true,"href":"https:\/\/www.leipomorosten.fi\/sv\/wp-json\/wp\/v2\/product_brand?post=3983"},{"taxonomy":"product_cat","embeddable":true,"href":"https:\/\/www.leipomorosten.fi\/sv\/wp-json\/wp\/v2\/product_cat?post=3983"},{"taxonomy":"product_tag","embeddable":true,"href":"https:\/\/www.leipomorosten.fi\/sv\/wp-json\/wp\/v2\/product_tag?post=3983"}],"curies":[{"name":"wp","href":"https:\/\/api.w.org\/{rel}","templated":true}]}}